{"id":16291,"date":"2025-07-15T19:17:58","date_gmt":"2025-07-15T23:17:58","guid":{"rendered":"https:\/\/www.skillingup.ca\/skills-assessment\/"},"modified":"2026-04-21T12:24:28","modified_gmt":"2026-04-21T16:24:28","slug":"skills-assessment","status":"publish","type":"page","link":"https:\/\/www.skillingup.ca\/fr\/skills-assessment\/","title":{"rendered":"\u00c9valuation des comp\u00e9tences num\u00e9riques"},"content":{"rendered":"\t\t<div data-elementor-type=\"wp-page\" data-elementor-id=\"16291\" class=\"elementor elementor-16291 elementor-16094\">\n\t\t\t\t\t\t<section class=\"elementor-section elementor-top-section elementor-element elementor-element-19aa542f elementor-section-stretched elementor-section-boxed elementor-section-height-default elementor-section-height-default\" data-id=\"19aa542f\" data-element_type=\"section\" data-settings=\"{&quot;stretch_section&quot;:&quot;section-stretched&quot;,&quot;background_background&quot;:&quot;gradient&quot;}\">\n\t\t\t\t\t\t<div class=\"elementor-container elementor-column-gap-default\">\n\t\t\t\t\t<div class=\"elementor-column elementor-col-100 elementor-top-column elementor-element elementor-element-cd7c9f7\" data-id=\"cd7c9f7\" data-element_type=\"column\" data-settings=\"{&quot;background_background&quot;:&quot;classic&quot;}\">\n\t\t\t<div class=\"elementor-widget-wrap elementor-element-populated\">\n\t\t\t\t\t\t<div class=\"elementor-element elementor-element-a8d01de elementor-widget elementor-widget-spacer\" data-id=\"a8d01de\" data-element_type=\"widget\" data-widget_type=\"spacer.default\">\n\t\t\t\t<div class=\"elementor-widget-container\">\n\t\t\t\t\t\t\t<div class=\"elementor-spacer\">\n\t\t\t<div class=\"elementor-spacer-inner\"><\/div>\n\t\t<\/div>\n\t\t\t\t\t\t<\/div>\n\t\t\t\t<\/div>\n\t\t\t\t<div class=\"elementor-element elementor-element-72313b75 thim-ekits-heading-text-left elementor-widget thim-ekits-heading elementor-widget-thim-heading\" data-id=\"72313b75\" data-element_type=\"widget\" data-widget_type=\"thim-heading.default\">\n\t\t\t\t<div class=\"elementor-widget-container\">\n\t\t\t\t\t<div class=\"sc_heading text-left\"><h1 class=\"title\">Outil d\u2019\u00e9valuation des comp\u00e9tences num\u00e9riques - VisezHaut  <\/h1><div class=\"sub-heading\"><p>D\u00e9couvrez le parcours d\u2019apprentissage le mieux adapt\u00e9 \u00e0 vos objectifs de formation num\u00e9rique. <\/p>\n<\/div><\/div>\t\t\t\t<\/div>\n\t\t\t\t<\/div>\n\t\t<div class=\"elementor-element elementor-element-51003623 e-flex e-con-boxed e-con e-parent\" data-id=\"51003623\" data-element_type=\"container\" data-settings=\"{&quot;background_background&quot;:&quot;classic&quot;}\">\n\t\t\t\t\t<div class=\"e-con-inner\">\n\t\t\t\t<div class=\"elementor-element elementor-element-98473bd elementor-position-right elementor-vertical-align-middle elementor-widget elementor-widget-image-box\" data-id=\"98473bd\" data-element_type=\"widget\" data-widget_type=\"image-box.default\">\n\t\t\t\t<div class=\"elementor-widget-container\">\n\t\t\t\t\t<div class=\"elementor-image-box-wrapper\"><figure class=\"elementor-image-box-img\"><img decoding=\"async\" src=\"https:\/\/www.skillingup.ca\/wp-content\/uploads\/2025\/06\/undraw_correct-answer_vjt7.svg\" class=\"attachment-full size-full wp-image-16070\" alt=\"\" \/><\/figure><div class=\"elementor-image-box-content\"><h3 class=\"elementor-image-box-title\">\u00c0 propos de l\u2019outil d\u2019\u00e9valuation <\/h3><p class=\"elementor-image-box-description\">Utilisez cet outil pour \u00e9valuer vos comp\u00e9tences num\u00e9riques et choisir le meilleur programme\u202fVisezHaut pour vous. Vous r\u00e9pondrez \u00e0 quelques questions \u00e0 choix multiple pour d\u00e9terminer les comp\u00e9tences que vous devriez am\u00e9liorer. Lorsque vous aurez termin\u00e9, vous recevrez des recommandations personnalis\u00e9es et pourrez choisir de t\u00e9l\u00e9charger vos r\u00e9sultats.  \n<br>\nIl vous faudra de 5 \u00e0 10\u202fminutes pour r\u00e9pondre aux questions de l\u2019outil d\u2019\u00e9valuation. \n\n<\/p><\/div><\/div>\t\t\t\t<\/div>\n\t\t\t\t<\/div>\n\t\t\t\t\t<\/div>\n\t\t\t\t<\/div>\n\t\t<div class=\"elementor-element elementor-element-fed2c6d e-con-full e-grid e-con e-parent\" data-id=\"fed2c6d\" data-element_type=\"container\">\n\t\t<div class=\"elementor-element elementor-element-5d42259 e-flex e-con-boxed e-con e-child\" data-id=\"5d42259\" data-element_type=\"container\">\n\t\t\t\t\t<div class=\"e-con-inner\">\n\t\t\t\t<div class=\"elementor-element elementor-element-0e18f94 elementor-position-left elementor-vertical-align-middle elementor-widget elementor-widget-image-box\" data-id=\"0e18f94\" data-element_type=\"widget\" data-widget_type=\"image-box.default\">\n\t\t\t\t<div class=\"elementor-widget-container\">\n\t\t\t\t\t<div class=\"elementor-image-box-wrapper\"><figure class=\"elementor-image-box-img\"><img fetchpriority=\"high\" decoding=\"async\" width=\"256\" height=\"256\" src=\"https:\/\/www.skillingup.ca\/wp-content\/uploads\/2025\/07\/accessibletech.png\" class=\"attachment-full size-full wp-image-16097\" alt=\"\" srcset=\"https:\/\/www.skillingup.ca\/wp-content\/uploads\/2025\/07\/accessibletech.png 256w, https:\/\/www.skillingup.ca\/wp-content\/uploads\/2025\/07\/accessibletech-150x150.png 150w\" sizes=\"(max-width: 256px) 100vw, 256px\" \/><\/figure><div class=\"elementor-image-box-content\"><h3 class=\"elementor-image-box-title\">Technologie accessible <\/h3><\/div><\/div>\t\t\t\t<\/div>\n\t\t\t\t<\/div>\n\t\t\t\t<div class=\"elementor-element elementor-element-b92a613 elementor-widget elementor-widget-text-editor\" data-id=\"b92a613\" data-element_type=\"widget\" data-widget_type=\"text-editor.default\">\n\t\t\t\t<div class=\"elementor-widget-container\">\n\t\t\t\t\t\t\t\t\t\u00c9value votre capacit\u00e9 \u00e0 utiliser les technologies d\u2019assistance et les fonctionnalit\u00e9s d\u2019accessibilit\u00e9 pour naviguer efficacement dans un environnement num\u00e9rique. \t\t\t\t\t\t\t\t<\/div>\n\t\t\t\t<\/div>\n\t\t\t\t\t<\/div>\n\t\t\t\t<\/div>\n\t\t<div class=\"elementor-element elementor-element-94163c2 e-flex e-con-boxed e-con e-child\" data-id=\"94163c2\" data-element_type=\"container\">\n\t\t\t\t\t<div class=\"e-con-inner\">\n\t\t\t\t<div class=\"elementor-element elementor-element-1a25428 elementor-position-left elementor-vertical-align-middle elementor-widget elementor-widget-image-box\" data-id=\"1a25428\" data-element_type=\"widget\" data-widget_type=\"image-box.default\">\n\t\t\t\t<div class=\"elementor-widget-container\">\n\t\t\t\t\t<div class=\"elementor-image-box-wrapper\"><figure class=\"elementor-image-box-img\"><img decoding=\"async\" width=\"256\" height=\"256\" src=\"https:\/\/www.skillingup.ca\/wp-content\/uploads\/2025\/07\/digitalfundamentals.png\" class=\"attachment-full size-full wp-image-16100\" alt=\"\" srcset=\"https:\/\/www.skillingup.ca\/wp-content\/uploads\/2025\/07\/digitalfundamentals.png 256w, https:\/\/www.skillingup.ca\/wp-content\/uploads\/2025\/07\/digitalfundamentals-150x150.png 150w\" sizes=\"(max-width: 256px) 100vw, 256px\" \/><\/figure><div class=\"elementor-image-box-content\"><h3 class=\"elementor-image-box-title\">Comp\u00e9tences num\u00e9riques de base <\/h3><\/div><\/div>\t\t\t\t<\/div>\n\t\t\t\t<\/div>\n\t\t\t\t<div class=\"elementor-element elementor-element-ee5710c elementor-widget elementor-widget-text-editor\" data-id=\"ee5710c\" data-element_type=\"widget\" data-widget_type=\"text-editor.default\">\n\t\t\t\t<div class=\"elementor-widget-container\">\n\t\t\t\t\t\t\t\t\t\u00c9value votre compr\u00e9hension des concepts num\u00e9riques de base, comme le fonctionnement d\u2019un appareil, la navigation sur Internet et la s\u00e9curit\u00e9 en ligne. \t\t\t\t\t\t\t\t<\/div>\n\t\t\t\t<\/div>\n\t\t\t\t\t<\/div>\n\t\t\t\t<\/div>\n\t\t<div class=\"elementor-element elementor-element-b5e1840 e-flex e-con-boxed e-con e-child\" data-id=\"b5e1840\" data-element_type=\"container\">\n\t\t\t\t\t<div class=\"e-con-inner\">\n\t\t\t\t<div class=\"elementor-element elementor-element-a57ee92 elementor-position-left elementor-vertical-align-middle elementor-widget elementor-widget-image-box\" data-id=\"a57ee92\" data-element_type=\"widget\" data-widget_type=\"image-box.default\">\n\t\t\t\t<div class=\"elementor-widget-container\">\n\t\t\t\t\t<div class=\"elementor-image-box-wrapper\"><figure class=\"elementor-image-box-img\"><img decoding=\"async\" width=\"256\" height=\"256\" src=\"https:\/\/www.skillingup.ca\/wp-content\/uploads\/2025\/07\/dsjr.png\" class=\"attachment-full size-full wp-image-16102\" alt=\"\" srcset=\"https:\/\/www.skillingup.ca\/wp-content\/uploads\/2025\/07\/dsjr.png 256w, https:\/\/www.skillingup.ca\/wp-content\/uploads\/2025\/07\/dsjr-150x150.png 150w\" sizes=\"(max-width: 256px) 100vw, 256px\" \/><\/figure><div class=\"elementor-image-box-content\"><h3 class=\"elementor-image-box-title\">Comp\u00e9tences num\u00e9riques et employabilit\u00e9 <\/h3><\/div><\/div>\t\t\t\t<\/div>\n\t\t\t\t<\/div>\n\t\t\t\t<div class=\"elementor-element elementor-element-5d6f5c9 elementor-widget elementor-widget-text-editor\" data-id=\"5d6f5c9\" data-element_type=\"widget\" data-widget_type=\"text-editor.default\">\n\t\t\t\t<div class=\"elementor-widget-container\">\n\t\t\t\t\t\t\t\t\t\u00c9value votre ma\u00eetrise des outils num\u00e9riques professionnels et votre degr\u00e9 de pr\u00e9paration aux carri\u00e8res ax\u00e9es sur les technologies. \t\t\t\t\t\t\t\t<\/div>\n\t\t\t\t<\/div>\n\t\t\t\t\t<\/div>\n\t\t\t\t<\/div>\n\t\t\t\t<\/div>\n\t\t<div class=\"elementor-element elementor-element-61af94d e-con-full e-flex e-con e-parent\" data-id=\"61af94d\" data-element_type=\"container\" data-settings=\"{&quot;background_background&quot;:&quot;classic&quot;}\">\n\t\t\t\t<div class=\"elementor-element elementor-element-6dbd90a elementor-widget elementor-widget-heading\" data-id=\"6dbd90a\" data-element_type=\"widget\" data-widget_type=\"heading.default\">\n\t\t\t\t<div class=\"elementor-widget-container\">\n\t\t\t\t\t<h3 class=\"elementor-heading-title elementor-size-default\">Comment cela fonctionne-t-il? <\/h3>\t\t\t\t<\/div>\n\t\t\t\t<\/div>\n\t\t\t\t<div class=\"elementor-element elementor-element-d147c3b eael-infobox-content-align--left eael-infobox-icon-bg-shape-none eael-infobox-icon-hover-bg-shape-none elementor-widget elementor-widget-eael-info-box\" data-id=\"d147c3b\" data-element_type=\"widget\" data-widget_type=\"eael-info-box.default\">\n\t\t\t\t<div class=\"elementor-widget-container\">\n\t\t\t\t\t        <div class=\"eael-infobox icon-on-left\">\n\t            <div class=\"infobox-icon\">\n\n            \n            \n                            <div class=\"infobox-icon-wrap\">\n                    <span class=\"infobox-icon-number\">1<\/span>\n                <\/div>\n            \n        <\/div>\n            <div class=\"infobox-content\">\n                    <div class=\"infobox-title-section\">\n                <h2 class=\"title\">R\u00e9pondez aux questions de l\u2019outil d\u2019\u00e9valuation <\/h2>            <\/div>\n            <div>R\u00e9pondez \u00e0 des questions portant sur vos comp\u00e9tences num\u00e9riques, votre exp\u00e9rience et vos objectifs d\u2019apprentissage. Les r\u00e9sultats de l\u2019\u00e9valuation s\u2019adaptent en fonction de vos r\u00e9ponses aux questions. <\/div>        <\/div>\n            <\/div>\n\n\t\t\t\t\t\t<\/div>\n\t\t\t\t<\/div>\n\t\t\t\t<div class=\"elementor-element elementor-element-b2c295d eael-infobox-content-align--left eael-infobox-icon-bg-shape-none eael-infobox-icon-hover-bg-shape-none elementor-widget elementor-widget-eael-info-box\" data-id=\"b2c295d\" data-element_type=\"widget\" data-widget_type=\"eael-info-box.default\">\n\t\t\t\t<div class=\"elementor-widget-container\">\n\t\t\t\t\t        <div class=\"eael-infobox icon-on-left\">\n\t            <div class=\"infobox-icon\">\n\n            \n            \n                            <div class=\"infobox-icon-wrap\">\n                    <span class=\"infobox-icon-number\">2<\/span>\n                <\/div>\n            \n        <\/div>\n            <div class=\"infobox-content\">\n                    <div class=\"infobox-title-section\">\n                <h2 class=\"title\">Obtenez des r\u00e9sultats personnalis\u00e9s <\/h2>            <\/div>\n            <div>En fonction de vos r\u00e9sultats, nous vous recommanderons des formations et des ressources particuli\u00e8res du programme\u202fVisezHaut pour vous aider \u00e0 atteindre vos objectifs d\u2019apprentissage num\u00e9rique. <\/div>        <\/div>\n            <\/div>\n\n\t\t\t\t\t\t<\/div>\n\t\t\t\t<\/div>\n\t\t\t\t<div class=\"elementor-element elementor-element-ada3219 eael-infobox-content-align--left eael-infobox-icon-bg-shape-none eael-infobox-icon-hover-bg-shape-none elementor-widget elementor-widget-eael-info-box\" data-id=\"ada3219\" data-element_type=\"widget\" data-widget_type=\"eael-info-box.default\">\n\t\t\t\t<div class=\"elementor-widget-container\">\n\t\t\t\t\t        <div class=\"eael-infobox icon-on-left\">\n\t            <div class=\"infobox-icon\">\n\n            \n            \n                            <div class=\"infobox-icon-wrap\">\n                    <span class=\"infobox-icon-number\">3<\/span>\n                <\/div>\n            \n        <\/div>\n            <div class=\"infobox-content\">\n                    <div class=\"infobox-title-section\">\n                <h2 class=\"title\">Acc\u00e9dez \u00e0 des recommandations sur mesure <\/h2>            <\/div>\n            <div>Vous aurez la possibilit\u00e9 de t\u00e9l\u00e9charger ou de communiquer vos r\u00e9sultats, de vous inscrire \u00e0 une formation recommand\u00e9e du programme\u202fVisezHaut ou de contacter le Service de soutien si vous avez d\u2019autres questions \u00e0 poser. <\/div>        <\/div>\n            <\/div>\n\n\t\t\t\t\t\t<\/div>\n\t\t\t\t<\/div>\n\t\t\t\t<\/div>\n\t\t\t\t\t<\/div>\n\t\t<\/div>\n\t\t\t\t\t<\/div>\n\t\t<\/section>\n\t\t<div class=\"elementor-element elementor-element-50542eff e-flex e-con-boxed e-con e-parent\" data-id=\"50542eff\" data-element_type=\"container\">\n\t\t\t\t\t<div class=\"e-con-inner\">\n\t\t\t\t<div class=\"elementor-element elementor-element-6302d294 elementor-widget thim-widget-button\" data-id=\"6302d294\" data-element_type=\"widget\" data-widget_type=\"thim-button.default\">\n\t\t\t\t<div class=\"elementor-widget-container\">\n\t\t\t\t\t<a class=\"widget-button normal\" href=\"\/fr\/skills-assessment\/avant-de-commencer\/\">Commencer l\u2019\u00e9valuation des comp\u00e9tences num\u00e9riques <\/a>\t\t\t\t<\/div>\n\t\t\t\t<\/div>\n\t\t\t\t\t<\/div>\n\t\t\t\t<\/div>\n\t\t\t\t<\/div>\n\t\t","protected":false},"excerpt":{"rendered":"<p>Outil d\u2019\u00e9valuation des comp\u00e9tences num\u00e9riques &#8211; VisezHaut D\u00e9couvrez le parcours d\u2019apprentissage le mieux adapt\u00e9 \u00e0 vos objectifs de formation num\u00e9rique. \u00c0 propos de l\u2019outil d\u2019\u00e9valuation Utilisez cet outil pour \u00e9valuer vos comp\u00e9tences num\u00e9riques et choisir le meilleur programme\u202fVisezHaut pour vous. &hellip; <\/p>\n","protected":false},"author":2,"featured_media":0,"parent":0,"menu_order":0,"comment_status":"closed","ping_status":"closed","template":"","meta":{"footnotes":""},"class_list":["post-16291","page","type-page","status-publish","hentry"],"yoast_head":"<!-- This site is optimized with the Yoast SEO plugin v26.4 - https:\/\/yoast.com\/wordpress\/plugins\/seo\/ -->\n<title>\u00c9valuation des comp\u00e9tences num\u00e9riques - SkillingUp | VisezHaut<\/title>\n<meta name=\"robots\" content=\"index, follow, max-snippet:-1, max-image-preview:large, max-video-preview:-1\" \/>\n<link rel=\"canonical\" href=\"https:\/\/www.skillingup.ca\/fr\/skills-assessment\/\" \/>\n<meta property=\"og:locale\" content=\"fr_FR\" \/>\n<meta property=\"og:type\" content=\"article\" \/>\n<meta property=\"og:title\" content=\"\u00c9valuation des comp\u00e9tences num\u00e9riques - SkillingUp | VisezHaut\" \/>\n<meta property=\"og:description\" content=\"Outil d\u2019\u00e9valuation des comp\u00e9tences num\u00e9riques &#8211; VisezHaut D\u00e9couvrez le parcours d\u2019apprentissage le mieux adapt\u00e9 \u00e0 vos objectifs de formation num\u00e9rique. \u00c0 propos de l\u2019outil d\u2019\u00e9valuation Utilisez cet outil pour \u00e9valuer vos comp\u00e9tences num\u00e9riques et choisir le meilleur programme\u202fVisezHaut pour vous. &hellip;\" \/>\n<meta property=\"og:url\" content=\"https:\/\/www.skillingup.ca\/fr\/skills-assessment\/\" \/>\n<meta property=\"og:site_name\" content=\"SkillingUp | VisezHaut\" \/>\n<meta property=\"article:publisher\" content=\"https:\/\/www.facebook.com\/MODCES\" \/>\n<meta property=\"article:modified_time\" content=\"2026-04-21T16:24:28+00:00\" \/>\n<meta name=\"twitter:card\" content=\"summary_large_image\" \/>\n<meta name=\"twitter:site\" content=\"@marchofdimescda\" \/>\n<meta name=\"twitter:label1\" content=\"Est. reading time\" \/>\n\t<meta name=\"twitter:data1\" content=\"3 minutes\" \/>\n<script type=\"application\/ld+json\" class=\"yoast-schema-graph\">{\"@context\":\"https:\/\/schema.org\",\"@graph\":[{\"@type\":\"WebPage\",\"@id\":\"https:\/\/www.skillingup.ca\/fr\/skills-assessment\/\",\"url\":\"https:\/\/www.skillingup.ca\/fr\/skills-assessment\/\",\"name\":\"\u00c9valuation des comp\u00e9tences num\u00e9riques - SkillingUp | VisezHaut\",\"isPartOf\":{\"@id\":\"https:\/\/www.skillingup.ca\/fr\/#website\"},\"primaryImageOfPage\":{\"@id\":\"https:\/\/www.skillingup.ca\/fr\/skills-assessment\/#primaryimage\"},\"image\":{\"@id\":\"https:\/\/www.skillingup.ca\/fr\/skills-assessment\/#primaryimage\"},\"thumbnailUrl\":\"https:\/\/www.skillingup.ca\/wp-content\/uploads\/2025\/06\/undraw_correct-answer_vjt7.svg\",\"datePublished\":\"2025-07-15T23:17:58+00:00\",\"dateModified\":\"2026-04-21T16:24:28+00:00\",\"breadcrumb\":{\"@id\":\"https:\/\/www.skillingup.ca\/fr\/skills-assessment\/#breadcrumb\"},\"inLanguage\":\"fr-FR\",\"potentialAction\":[{\"@type\":\"ReadAction\",\"target\":[\"https:\/\/www.skillingup.ca\/fr\/skills-assessment\/\"]}]},{\"@type\":\"ImageObject\",\"inLanguage\":\"fr-FR\",\"@id\":\"https:\/\/www.skillingup.ca\/fr\/skills-assessment\/#primaryimage\",\"url\":\"https:\/\/www.skillingup.ca\/wp-content\/uploads\/2025\/06\/undraw_correct-answer_vjt7.svg\",\"contentUrl\":\"https:\/\/www.skillingup.ca\/wp-content\/uploads\/2025\/06\/undraw_correct-answer_vjt7.svg\"},{\"@type\":\"BreadcrumbList\",\"@id\":\"https:\/\/www.skillingup.ca\/fr\/skills-assessment\/#breadcrumb\",\"itemListElement\":[{\"@type\":\"ListItem\",\"position\":1,\"name\":\"Home\",\"item\":\"https:\/\/www.skillingup.ca\/fr\/\"},{\"@type\":\"ListItem\",\"position\":2,\"name\":\"\u00c9valuation des comp\u00e9tences num\u00e9riques\"}]},{\"@type\":\"WebSite\",\"@id\":\"https:\/\/www.skillingup.ca\/fr\/#website\",\"url\":\"https:\/\/www.skillingup.ca\/fr\/\",\"name\":\"SkillingUp\",\"description\":\"\",\"publisher\":{\"@id\":\"https:\/\/www.skillingup.ca\/fr\/#organization\"},\"potentialAction\":[{\"@type\":\"SearchAction\",\"target\":{\"@type\":\"EntryPoint\",\"urlTemplate\":\"https:\/\/www.skillingup.ca\/fr\/?s={search_term_string}\"},\"query-input\":{\"@type\":\"PropertyValueSpecification\",\"valueRequired\":true,\"valueName\":\"search_term_string\"}}],\"inLanguage\":\"fr-FR\"},{\"@type\":\"Organization\",\"@id\":\"https:\/\/www.skillingup.ca\/fr\/#organization\",\"name\":\"SkillingUp\",\"url\":\"https:\/\/www.skillingup.ca\/fr\/\",\"logo\":{\"@type\":\"ImageObject\",\"inLanguage\":\"fr-FR\",\"@id\":\"https:\/\/www.skillingup.ca\/fr\/#\/schema\/logo\/image\/\",\"url\":\"https:\/\/www.skillingup.ca\/wp-content\/uploads\/2023\/09\/MicrosoftTeams-image-7.jpg\",\"contentUrl\":\"https:\/\/www.skillingup.ca\/wp-content\/uploads\/2023\/09\/MicrosoftTeams-image-7.jpg\",\"width\":500,\"height\":86,\"caption\":\"SkillingUp\"},\"image\":{\"@id\":\"https:\/\/www.skillingup.ca\/fr\/#\/schema\/logo\/image\/\"},\"sameAs\":[\"https:\/\/www.facebook.com\/MODCES\",\"https:\/\/x.com\/marchofdimescda\",\"https:\/\/www.instagram.com\/marchofdimescda\/\"]}]}<\/script>\n<!-- \/ Yoast SEO plugin. -->","yoast_head_json":{"title":"\u00c9valuation des comp\u00e9tences num\u00e9riques - SkillingUp | VisezHaut","robots":{"index":"index","follow":"follow","max-snippet":"max-snippet:-1","max-image-preview":"max-image-preview:large","max-video-preview":"max-video-preview:-1"},"canonical":"https:\/\/www.skillingup.ca\/fr\/skills-assessment\/","og_locale":"fr_FR","og_type":"article","og_title":"\u00c9valuation des comp\u00e9tences num\u00e9riques - SkillingUp | VisezHaut","og_description":"Outil d\u2019\u00e9valuation des comp\u00e9tences num\u00e9riques &#8211; VisezHaut D\u00e9couvrez le parcours d\u2019apprentissage le mieux adapt\u00e9 \u00e0 vos objectifs de formation num\u00e9rique. \u00c0 propos de l\u2019outil d\u2019\u00e9valuation Utilisez cet outil pour \u00e9valuer vos comp\u00e9tences num\u00e9riques et choisir le meilleur programme\u202fVisezHaut pour vous. &hellip;","og_url":"https:\/\/www.skillingup.ca\/fr\/skills-assessment\/","og_site_name":"SkillingUp | VisezHaut","article_publisher":"https:\/\/www.facebook.com\/MODCES","article_modified_time":"2026-04-21T16:24:28+00:00","twitter_card":"summary_large_image","twitter_site":"@marchofdimescda","twitter_misc":{"Est. reading time":"3 minutes"},"schema":{"@context":"https:\/\/schema.org","@graph":[{"@type":"WebPage","@id":"https:\/\/www.skillingup.ca\/fr\/skills-assessment\/","url":"https:\/\/www.skillingup.ca\/fr\/skills-assessment\/","name":"\u00c9valuation des comp\u00e9tences num\u00e9riques - SkillingUp | VisezHaut","isPartOf":{"@id":"https:\/\/www.skillingup.ca\/fr\/#website"},"primaryImageOfPage":{"@id":"https:\/\/www.skillingup.ca\/fr\/skills-assessment\/#primaryimage"},"image":{"@id":"https:\/\/www.skillingup.ca\/fr\/skills-assessment\/#primaryimage"},"thumbnailUrl":"https:\/\/www.skillingup.ca\/wp-content\/uploads\/2025\/06\/undraw_correct-answer_vjt7.svg","datePublished":"2025-07-15T23:17:58+00:00","dateModified":"2026-04-21T16:24:28+00:00","breadcrumb":{"@id":"https:\/\/www.skillingup.ca\/fr\/skills-assessment\/#breadcrumb"},"inLanguage":"fr-FR","potentialAction":[{"@type":"ReadAction","target":["https:\/\/www.skillingup.ca\/fr\/skills-assessment\/"]}]},{"@type":"ImageObject","inLanguage":"fr-FR","@id":"https:\/\/www.skillingup.ca\/fr\/skills-assessment\/#primaryimage","url":"https:\/\/www.skillingup.ca\/wp-content\/uploads\/2025\/06\/undraw_correct-answer_vjt7.svg","contentUrl":"https:\/\/www.skillingup.ca\/wp-content\/uploads\/2025\/06\/undraw_correct-answer_vjt7.svg"},{"@type":"BreadcrumbList","@id":"https:\/\/www.skillingup.ca\/fr\/skills-assessment\/#breadcrumb","itemListElement":[{"@type":"ListItem","position":1,"name":"Home","item":"https:\/\/www.skillingup.ca\/fr\/"},{"@type":"ListItem","position":2,"name":"\u00c9valuation des comp\u00e9tences num\u00e9riques"}]},{"@type":"WebSite","@id":"https:\/\/www.skillingup.ca\/fr\/#website","url":"https:\/\/www.skillingup.ca\/fr\/","name":"SkillingUp","description":"","publisher":{"@id":"https:\/\/www.skillingup.ca\/fr\/#organization"},"potentialAction":[{"@type":"SearchAction","target":{"@type":"EntryPoint","urlTemplate":"https:\/\/www.skillingup.ca\/fr\/?s={search_term_string}"},"query-input":{"@type":"PropertyValueSpecification","valueRequired":true,"valueName":"search_term_string"}}],"inLanguage":"fr-FR"},{"@type":"Organization","@id":"https:\/\/www.skillingup.ca\/fr\/#organization","name":"SkillingUp","url":"https:\/\/www.skillingup.ca\/fr\/","logo":{"@type":"ImageObject","inLanguage":"fr-FR","@id":"https:\/\/www.skillingup.ca\/fr\/#\/schema\/logo\/image\/","url":"https:\/\/www.skillingup.ca\/wp-content\/uploads\/2023\/09\/MicrosoftTeams-image-7.jpg","contentUrl":"https:\/\/www.skillingup.ca\/wp-content\/uploads\/2023\/09\/MicrosoftTeams-image-7.jpg","width":500,"height":86,"caption":"SkillingUp"},"image":{"@id":"https:\/\/www.skillingup.ca\/fr\/#\/schema\/logo\/image\/"},"sameAs":["https:\/\/www.facebook.com\/MODCES","https:\/\/x.com\/marchofdimescda","https:\/\/www.instagram.com\/marchofdimescda\/"]}]}},"_links":{"self":[{"href":"https:\/\/www.skillingup.ca\/fr\/wp-json\/wp\/v2\/pages\/16291","targetHints":{"allow":["GET"]}}],"collection":[{"href":"https:\/\/www.skillingup.ca\/fr\/wp-json\/wp\/v2\/pages"}],"about":[{"href":"https:\/\/www.skillingup.ca\/fr\/wp-json\/wp\/v2\/types\/page"}],"author":[{"embeddable":true,"href":"https:\/\/www.skillingup.ca\/fr\/wp-json\/wp\/v2\/users\/2"}],"replies":[{"embeddable":true,"href":"https:\/\/www.skillingup.ca\/fr\/wp-json\/wp\/v2\/comments?post=16291"}],"version-history":[{"count":0,"href":"https:\/\/www.skillingup.ca\/fr\/wp-json\/wp\/v2\/pages\/16291\/revisions"}],"wp:attachment":[{"href":"https:\/\/www.skillingup.ca\/fr\/wp-json\/wp\/v2\/media?parent=16291"}],"curies":[{"name":"wp","href":"https:\/\/api.w.org\/{rel}","templated":true}]}}