{"id":16284,"date":"2025-09-03T22:09:33","date_gmt":"2025-09-04T02:09:33","guid":{"rendered":"https:\/\/www.skillingup.ca\/skills-assessment\/skillingup-digital-skills-assessment-digital-skills-job-readiness\/dsa-dsjr-beginner-support-recommendation\/"},"modified":"2026-04-24T11:35:46","modified_gmt":"2026-04-24T15:35:46","slug":"dsa-dsjr-beginner-support-recommendation","status":"publish","type":"page","link":"https:\/\/www.skillingup.ca\/fr\/skills-assessment\/skillingup-digital-skills-assessment-digital-skills-job-readiness\/dsa-dsjr-beginner-support-recommendation\/","title":{"rendered":"des recommandations pour le programme Comp\u00e9tences num\u00e9riques et employabilit\u00e9"},"content":{"rendered":"\t\t<div data-elementor-type=\"wp-page\" data-elementor-id=\"16284\" class=\"elementor elementor-16284 elementor-16230\">\n\t\t\t\t<div class=\"elementor-element elementor-element-b666eed e-flex e-con-boxed e-con e-parent\" data-id=\"b666eed\" data-element_type=\"container\">\n\t\t\t\t\t<div class=\"e-con-inner\">\n\t\t\t\t<div class=\"elementor-element elementor-element-1784d07 elementor-widget elementor-widget-spacer\" data-id=\"1784d07\" data-element_type=\"widget\" data-widget_type=\"spacer.default\">\n\t\t\t\t<div class=\"elementor-widget-container\">\n\t\t\t\t\t\t\t<div class=\"elementor-spacer\">\n\t\t\t<div class=\"elementor-spacer-inner\"><\/div>\n\t\t<\/div>\n\t\t\t\t\t\t<\/div>\n\t\t\t\t<\/div>\n\t\t\t\t<div class=\"elementor-element elementor-element-c988393 elementor-widget thim-ekits-heading elementor-widget-thim-heading\" data-id=\"c988393\" data-element_type=\"widget\" data-widget_type=\"thim-heading.default\">\n\t\t\t\t<div class=\"elementor-widget-container\">\n\t\t\t\t\t<div class=\"sc_heading\"><h1 class=\"title\">Recommandations suivant l\u2019\u00e9valuation des comp\u00e9tences num\u00e9riques  <\/h1><\/div>\t\t\t\t<\/div>\n\t\t\t\t<\/div>\n\t\t\t\t<div class=\"elementor-element elementor-element-aea4572 elementor-widget-divider--view-line elementor-widget elementor-widget-divider\" data-id=\"aea4572\" data-element_type=\"widget\" data-widget_type=\"divider.default\">\n\t\t\t\t<div class=\"elementor-widget-container\">\n\t\t\t\t\t\t\t<div class=\"elementor-divider\">\n\t\t\t<span class=\"elementor-divider-separator\">\n\t\t\t\t\t\t<\/span>\n\t\t<\/div>\n\t\t\t\t\t\t<\/div>\n\t\t\t\t<\/div>\n\t\t\t\t\t<\/div>\n\t\t\t\t<\/div>\n\t\t<div class=\"elementor-element elementor-element-6833c89 e-flex e-con-boxed e-con e-parent\" data-id=\"6833c89\" data-element_type=\"container\">\n\t\t\t\t\t<div class=\"e-con-inner\">\n\t\t\t\t<div class=\"elementor-element elementor-element-d8df938 elementor-widget elementor-widget-text-editor\" data-id=\"d8df938\" data-element_type=\"widget\" data-widget_type=\"text-editor.default\">\n\t\t\t\t<div class=\"elementor-widget-container\">\n\t\t\t\t\t\t\t\t\t<h3><span style=\"color: #ffffff;\"><strong>\u00c9valuation g\u00e9n\u00e9rale<\/strong><\/span><\/h3><p>Merci d\u2019avoir r\u00e9pondu aux questions de l\u2019outil d\u2019\u00e9valuation des comp\u00e9tences num\u00e9riques. Selon les r\u00e9ponses que vous avez fournies, nous vous recommandons de vous inscrire aux parcours d\u2019apprentissage <strong>pour d\u00e9butants du programme <\/strong>Comp\u00e9tences num\u00e9riques et employabilit\u00e9.<\/p><p><span data-teams=\"true\">Ces formations sont con\u00e7ues pour vous aider \u00e0 vous familiariser avec les notions informatiques de base, comme l\u2019utilisation du courrier \u00e9lectronique, la navigation sur Internet, la gestion de fichiers, la s\u00e9curit\u00e9 en ligne et l\u2019apprentissage du savoir-\u00eatre professionnel. Vous pouvez parcourir le contenu \u00e0 votre rythme et revenir sur certains sujets \u00e0 tout moment.\u00a0<\/span><\/p>\t\t\t\t\t\t\t\t<\/div>\n\t\t\t\t<\/div>\n\t\t\t\t\t<\/div>\n\t\t\t\t<\/div>\n\t\t<div class=\"elementor-element elementor-element-200a982 e-grid e-con-boxed e-con e-parent\" data-id=\"200a982\" data-element_type=\"container\" id=\"next\">\n\t\t\t\t\t<div class=\"e-con-inner\">\n\t\t<div class=\"elementor-element elementor-element-60b8349 e-con-full e-flex e-con e-child\" data-id=\"60b8349\" data-element_type=\"container\">\n\t\t\t\t<div class=\"elementor-element elementor-element-9249b81 elementor-widget elementor-widget-heading\" data-id=\"9249b81\" data-element_type=\"widget\" data-widget_type=\"heading.default\">\n\t\t\t\t<div class=\"elementor-widget-container\">\n\t\t\t\t\t<h2 class=\"elementor-heading-title elementor-size-default\">Enregistrez vos r\u00e9sultats <\/h2>\t\t\t\t<\/div>\n\t\t\t\t<\/div>\n\t\t\t\t<div class=\"elementor-element elementor-element-153f50a elementor-position-right elementor-vertical-align-middle elementor-widget__width-initial elementor-widget-mobile__width-inherit elementor-widget elementor-widget-image-box\" data-id=\"153f50a\" data-element_type=\"widget\" data-widget_type=\"image-box.default\">\n\t\t\t\t<div class=\"elementor-widget-container\">\n\t\t\t\t\t<div class=\"elementor-image-box-wrapper\"><figure class=\"elementor-image-box-img\"><img fetchpriority=\"high\" decoding=\"async\" width=\"256\" height=\"256\" src=\"https:\/\/www.skillingup.ca\/wp-content\/uploads\/2025\/07\/downloading.png\" class=\"attachment-full size-full wp-image-16119\" alt=\"\" srcset=\"https:\/\/www.skillingup.ca\/wp-content\/uploads\/2025\/07\/downloading.png 256w, https:\/\/www.skillingup.ca\/wp-content\/uploads\/2025\/07\/downloading-150x150.png 150w\" sizes=\"(max-width: 256px) 100vw, 256px\" \/><\/figure><div class=\"elementor-image-box-content\"><h3 class=\"elementor-image-box-title\">T\u00e9l\u00e9chargez les r\u00e9sultats <\/h3><\/div><\/div>\t\t\t\t<\/div>\n\t\t\t\t<\/div>\n\t\t\t\t<div class=\"elementor-element elementor-element-30a19fc elementor-widget elementor-widget-text-editor\" data-id=\"30a19fc\" data-element_type=\"widget\" data-widget_type=\"text-editor.default\">\n\t\t\t\t<div class=\"elementor-widget-container\">\n\t\t\t\t\t\t\t\t\tT\u00e9l\u00e9chargez une copie des r\u00e9sultats de votre \u00e9valuation en format\u202fPDF.\t\t\t\t\t\t\t\t<\/div>\n\t\t\t\t<\/div>\n\t\t\t\t<\/div>\n\t\t<div class=\"elementor-element elementor-element-c8b0ecc e-con-full e-flex e-con e-child\" data-id=\"c8b0ecc\" data-element_type=\"container\">\n\t\t\t\t<div class=\"elementor-element elementor-element-b5f3af1 elementor-widget elementor-widget-heading\" data-id=\"b5f3af1\" data-element_type=\"widget\" data-widget_type=\"heading.default\">\n\t\t\t\t<div class=\"elementor-widget-container\">\n\t\t\t\t\t<h2 class=\"elementor-heading-title elementor-size-default\">Prochaines \u00e9tapes <\/h2>\t\t\t\t<\/div>\n\t\t\t\t<\/div>\n\t\t\t\t<div class=\"elementor-element elementor-element-894c27e elementor-position-right elementor-vertical-align-middle elementor-widget__width-initial elementor-widget elementor-widget-image-box\" data-id=\"894c27e\" data-element_type=\"widget\" data-widget_type=\"image-box.default\">\n\t\t\t\t<div class=\"elementor-widget-container\">\n\t\t\t\t\t<div class=\"elementor-image-box-wrapper\"><figure class=\"elementor-image-box-img\"><img decoding=\"async\" width=\"256\" height=\"256\" src=\"https:\/\/www.skillingup.ca\/wp-content\/uploads\/2025\/08\/register-1.png\" class=\"attachment-full size-full wp-image-16200\" alt=\"\" srcset=\"https:\/\/www.skillingup.ca\/wp-content\/uploads\/2025\/08\/register-1.png 256w, https:\/\/www.skillingup.ca\/wp-content\/uploads\/2025\/08\/register-1-150x150.png 150w\" sizes=\"(max-width: 256px) 100vw, 256px\" \/><\/figure><div class=\"elementor-image-box-content\"><h3 class=\"elementor-image-box-title\">Explorez les parcours de niveau d\u00e9butant et inscrivez-vous. <\/h3><\/div><\/div>\t\t\t\t<\/div>\n\t\t\t\t<\/div>\n\t\t\t\t<div class=\"elementor-element elementor-element-0125380 elementor-widget elementor-widget-text-editor\" data-id=\"0125380\" data-element_type=\"widget\" data-widget_type=\"text-editor.default\">\n\t\t\t\t<div class=\"elementor-widget-container\">\n\t\t\t\t\t\t\t\t\tConsultez le catalogue des parcours de niveau d\u00e9butant et inscrivez-vous. \t\t\t\t\t\t\t\t<\/div>\n\t\t\t\t<\/div>\n\t\t\t\t<div class=\"elementor-element elementor-element-16bce25 elementor-align-left elementor-widget elementor-widget-button\" data-id=\"16bce25\" data-element_type=\"widget\" data-widget_type=\"button.default\">\n\t\t\t\t<div class=\"elementor-widget-container\">\n\t\t\t\t\t\t\t\t\t<div class=\"elementor-button-wrapper\">\n\t\t\t\t\t<a class=\"elementor-button elementor-button-link elementor-size-sm\" href=\"https:\/\/www.skillingup.ca\/fr\/courses\/beginner-foundational-digital-literacy\/\">\n\t\t\t\t\t\t<span class=\"elementor-button-content-wrapper\">\n\t\t\t\t\t\t\t\t\t<span class=\"elementor-button-text\">Apprenez-en plus <\/span>\n\t\t\t\t\t<\/span>\n\t\t\t\t\t<\/a>\n\t\t\t\t<\/div>\n\t\t\t\t\t\t\t\t<\/div>\n\t\t\t\t<\/div>\n\t\t\t\t<\/div>\n\t\t\t\t\t<\/div>\n\t\t\t\t<\/div>\n\t\t<div class=\"elementor-element elementor-element-528af03 e-flex e-con-boxed e-con e-parent\" data-id=\"528af03\" data-element_type=\"container\">\n\t\t\t\t\t<div class=\"e-con-inner\">\n\t\t<div class=\"elementor-element elementor-element-55c9613 e-con-full e-flex e-con e-child\" data-id=\"55c9613\" data-element_type=\"container\">\n\t\t\t\t<div class=\"elementor-element elementor-element-031680a elementor-widget elementor-widget-heading\" data-id=\"031680a\" data-element_type=\"widget\" data-widget_type=\"heading.default\">\n\t\t\t\t<div class=\"elementor-widget-container\">\n\t\t\t\t\t<h3 class=\"elementor-heading-title elementor-size-default\">Besoin d\u2019aide? <\/h3>\t\t\t\t<\/div>\n\t\t\t\t<\/div>\n\t\t\t\t<div class=\"elementor-element elementor-element-d0a6b4e iconbox-text-left elementor-widget elementor-widget-thim-icon-box\" data-id=\"d0a6b4e\" data-element_type=\"widget\" data-widget_type=\"thim-icon-box.default\">\n\t\t\t\t<div class=\"elementor-widget-container\">\n\t\t\t\t\t<div class=\"thim-widget-icon-box\"><div class=\"wrapper-box-icon has_custom_image text-left \"><div class=\"smicon-box iconbox-left\"><div class=\"boxes-icon\"><span class=\"inner-icon\"><span class=\"icon icon-images\"><img decoding=\"async\" src=\"https:\/\/www.skillingup.ca\/wp-content\/uploads\/2025\/08\/question-1-1.png\" alt=\"question (1) (1)\"  width=\"256\" height=\"256\"><\/span><\/span><\/div><div class=\"content-inner\"><div class=\"desc-icon-box\"><div class=\"desc-content\">Si vous avez des questions sur les r\u00e9sultats de votre \u00e9valuation ou si vous avez besoin d\u2019aide, l\u2019\u00e9quipe VisezHaut est l\u00e0 pour vous aider. <\/div><a class=\"smicon-read sc-btn\" href=\"https:\/\/www.skillingup.ca\/fr\/contact\/?reason=dsa&#038;details=Bonjour.%20J%E2%80%99ai%20une%20question%20%C3%A0%20propos%20de%20mes%20r%C3%A9sultats%20d%E2%80%99%C3%A9valuation%20pour%20le%20programme%20Comp%C3%A9tences%20num%C3%A9riques%20et%20employabilit%C3%A9%20-%20niveau%20d%C3%A9butant.\" target=\"_blank\" rel=\"nofollow\">Contactez le Service de soutien  <i class=\"fa fa-chevron-right\"><\/i><\/a><\/div><\/div><\/div><\/div><\/div>\t\t\t\t<\/div>\n\t\t\t\t<\/div>\n\t\t\t\t<\/div>\n\t\t\t\t\t<\/div>\n\t\t\t\t<\/div>\n\t\t\t\t<\/div>\n\t\t","protected":false},"excerpt":{"rendered":"<p>Recommandations suivant l\u2019\u00e9valuation des comp\u00e9tences num\u00e9riques \u00c9valuation g\u00e9n\u00e9rale Merci d\u2019avoir r\u00e9pondu aux questions de l\u2019outil d\u2019\u00e9valuation des comp\u00e9tences num\u00e9riques. Selon les r\u00e9ponses que vous avez fournies, nous vous recommandons de vous inscrire aux parcours d\u2019apprentissage pour d\u00e9butants du programme Comp\u00e9tences &hellip; <\/p>\n","protected":false},"author":2,"featured_media":0,"parent":16274,"menu_order":0,"comment_status":"closed","ping_status":"closed","template":"","meta":{"footnotes":""},"class_list":["post-16284","page","type-page","status-publish","hentry"],"yoast_head":"<!-- This site is optimized with the Yoast SEO plugin v26.4 - https:\/\/yoast.com\/wordpress\/plugins\/seo\/ -->\n<title>des recommandations pour le programme Comp\u00e9tences num\u00e9riques et employabilit\u00e9 - SkillingUp | VisezHaut<\/title>\n<meta name=\"robots\" content=\"index, follow, max-snippet:-1, max-image-preview:large, max-video-preview:-1\" \/>\n<link rel=\"canonical\" href=\"https:\/\/www.skillingup.ca\/fr\/skills-assessment\/skillingup-digital-skills-assessment-digital-skills-job-readiness\/dsa-dsjr-beginner-support-recommendation\/\" \/>\n<meta property=\"og:locale\" content=\"fr_FR\" \/>\n<meta property=\"og:type\" content=\"article\" \/>\n<meta property=\"og:title\" content=\"des recommandations pour le programme Comp\u00e9tences num\u00e9riques et employabilit\u00e9 - SkillingUp | VisezHaut\" \/>\n<meta property=\"og:description\" content=\"Recommandations suivant l\u2019\u00e9valuation des comp\u00e9tences num\u00e9riques \u00c9valuation g\u00e9n\u00e9rale Merci d\u2019avoir r\u00e9pondu aux questions de l\u2019outil d\u2019\u00e9valuation des comp\u00e9tences num\u00e9riques. Selon les r\u00e9ponses que vous avez fournies, nous vous recommandons de vous inscrire aux parcours d\u2019apprentissage pour d\u00e9butants du programme Comp\u00e9tences &hellip;\" \/>\n<meta property=\"og:url\" content=\"https:\/\/www.skillingup.ca\/fr\/skills-assessment\/skillingup-digital-skills-assessment-digital-skills-job-readiness\/dsa-dsjr-beginner-support-recommendation\/\" \/>\n<meta property=\"og:site_name\" content=\"SkillingUp | VisezHaut\" \/>\n<meta property=\"article:publisher\" content=\"https:\/\/www.facebook.com\/MODCES\" \/>\n<meta property=\"article:modified_time\" content=\"2026-04-24T15:35:46+00:00\" \/>\n<meta property=\"og:image\" content=\"https:\/\/www.skillingup.ca\/wp-content\/uploads\/2025\/07\/downloading.png\" \/>\n\t<meta property=\"og:image:width\" content=\"256\" \/>\n\t<meta property=\"og:image:height\" content=\"256\" \/>\n\t<meta property=\"og:image:type\" content=\"image\/png\" \/>\n<meta name=\"twitter:card\" content=\"summary_large_image\" \/>\n<meta name=\"twitter:site\" content=\"@marchofdimescda\" \/>\n<meta name=\"twitter:label1\" content=\"Est. reading time\" \/>\n\t<meta name=\"twitter:data1\" content=\"2 minutes\" \/>\n<script type=\"application\/ld+json\" class=\"yoast-schema-graph\">{\"@context\":\"https:\/\/schema.org\",\"@graph\":[{\"@type\":\"WebPage\",\"@id\":\"https:\/\/www.skillingup.ca\/fr\/skills-assessment\/skillingup-digital-skills-assessment-digital-skills-job-readiness\/dsa-dsjr-beginner-support-recommendation\/\",\"url\":\"https:\/\/www.skillingup.ca\/fr\/skills-assessment\/skillingup-digital-skills-assessment-digital-skills-job-readiness\/dsa-dsjr-beginner-support-recommendation\/\",\"name\":\"des recommandations pour le programme Comp\u00e9tences num\u00e9riques et employabilit\u00e9 - SkillingUp | VisezHaut\",\"isPartOf\":{\"@id\":\"https:\/\/www.skillingup.ca\/fr\/#website\"},\"primaryImageOfPage\":{\"@id\":\"https:\/\/www.skillingup.ca\/fr\/skills-assessment\/skillingup-digital-skills-assessment-digital-skills-job-readiness\/dsa-dsjr-beginner-support-recommendation\/#primaryimage\"},\"image\":{\"@id\":\"https:\/\/www.skillingup.ca\/fr\/skills-assessment\/skillingup-digital-skills-assessment-digital-skills-job-readiness\/dsa-dsjr-beginner-support-recommendation\/#primaryimage\"},\"thumbnailUrl\":\"https:\/\/www.skillingup.ca\/wp-content\/uploads\/2025\/07\/downloading.png\",\"datePublished\":\"2025-09-04T02:09:33+00:00\",\"dateModified\":\"2026-04-24T15:35:46+00:00\",\"breadcrumb\":{\"@id\":\"https:\/\/www.skillingup.ca\/fr\/skills-assessment\/skillingup-digital-skills-assessment-digital-skills-job-readiness\/dsa-dsjr-beginner-support-recommendation\/#breadcrumb\"},\"inLanguage\":\"fr-FR\",\"potentialAction\":[{\"@type\":\"ReadAction\",\"target\":[\"https:\/\/www.skillingup.ca\/fr\/skills-assessment\/skillingup-digital-skills-assessment-digital-skills-job-readiness\/dsa-dsjr-beginner-support-recommendation\/\"]}]},{\"@type\":\"ImageObject\",\"inLanguage\":\"fr-FR\",\"@id\":\"https:\/\/www.skillingup.ca\/fr\/skills-assessment\/skillingup-digital-skills-assessment-digital-skills-job-readiness\/dsa-dsjr-beginner-support-recommendation\/#primaryimage\",\"url\":\"https:\/\/www.skillingup.ca\/wp-content\/uploads\/2025\/07\/downloading.png\",\"contentUrl\":\"https:\/\/www.skillingup.ca\/wp-content\/uploads\/2025\/07\/downloading.png\"},{\"@type\":\"BreadcrumbList\",\"@id\":\"https:\/\/www.skillingup.ca\/fr\/skills-assessment\/skillingup-digital-skills-assessment-digital-skills-job-readiness\/dsa-dsjr-beginner-support-recommendation\/#breadcrumb\",\"itemListElement\":[{\"@type\":\"ListItem\",\"position\":1,\"name\":\"Home\",\"item\":\"https:\/\/www.skillingup.ca\/fr\/\"},{\"@type\":\"ListItem\",\"position\":2,\"name\":\"\u00c9valuation des comp\u00e9tences num\u00e9riques\",\"item\":\"https:\/\/www.skillingup.ca\/fr\/skills-assessment\/\"},{\"@type\":\"ListItem\",\"position\":3,\"name\":\"Questions pour le programme Comp\u00e9tences num\u00e9riques et employabilit\u00e9\",\"item\":\"https:\/\/www.skillingup.ca\/fr\/skills-assessment\/skillingup-digital-skills-assessment-digital-skills-job-readiness\/\"},{\"@type\":\"ListItem\",\"position\":4,\"name\":\"des recommandations pour le programme Comp\u00e9tences num\u00e9riques et employabilit\u00e9\"}]},{\"@type\":\"WebSite\",\"@id\":\"https:\/\/www.skillingup.ca\/fr\/#website\",\"url\":\"https:\/\/www.skillingup.ca\/fr\/\",\"name\":\"SkillingUp\",\"description\":\"\",\"publisher\":{\"@id\":\"https:\/\/www.skillingup.ca\/fr\/#organization\"},\"potentialAction\":[{\"@type\":\"SearchAction\",\"target\":{\"@type\":\"EntryPoint\",\"urlTemplate\":\"https:\/\/www.skillingup.ca\/fr\/?s={search_term_string}\"},\"query-input\":{\"@type\":\"PropertyValueSpecification\",\"valueRequired\":true,\"valueName\":\"search_term_string\"}}],\"inLanguage\":\"fr-FR\"},{\"@type\":\"Organization\",\"@id\":\"https:\/\/www.skillingup.ca\/fr\/#organization\",\"name\":\"SkillingUp\",\"url\":\"https:\/\/www.skillingup.ca\/fr\/\",\"logo\":{\"@type\":\"ImageObject\",\"inLanguage\":\"fr-FR\",\"@id\":\"https:\/\/www.skillingup.ca\/fr\/#\/schema\/logo\/image\/\",\"url\":\"https:\/\/www.skillingup.ca\/wp-content\/uploads\/2023\/09\/MicrosoftTeams-image-7.jpg\",\"contentUrl\":\"https:\/\/www.skillingup.ca\/wp-content\/uploads\/2023\/09\/MicrosoftTeams-image-7.jpg\",\"width\":500,\"height\":86,\"caption\":\"SkillingUp\"},\"image\":{\"@id\":\"https:\/\/www.skillingup.ca\/fr\/#\/schema\/logo\/image\/\"},\"sameAs\":[\"https:\/\/www.facebook.com\/MODCES\",\"https:\/\/x.com\/marchofdimescda\",\"https:\/\/www.instagram.com\/marchofdimescda\/\"]}]}<\/script>\n<!-- \/ Yoast SEO plugin. -->","yoast_head_json":{"title":"des recommandations pour le programme Comp\u00e9tences num\u00e9riques et employabilit\u00e9 - SkillingUp | VisezHaut","robots":{"index":"index","follow":"follow","max-snippet":"max-snippet:-1","max-image-preview":"max-image-preview:large","max-video-preview":"max-video-preview:-1"},"canonical":"https:\/\/www.skillingup.ca\/fr\/skills-assessment\/skillingup-digital-skills-assessment-digital-skills-job-readiness\/dsa-dsjr-beginner-support-recommendation\/","og_locale":"fr_FR","og_type":"article","og_title":"des recommandations pour le programme Comp\u00e9tences num\u00e9riques et employabilit\u00e9 - SkillingUp | VisezHaut","og_description":"Recommandations suivant l\u2019\u00e9valuation des comp\u00e9tences num\u00e9riques \u00c9valuation g\u00e9n\u00e9rale Merci d\u2019avoir r\u00e9pondu aux questions de l\u2019outil d\u2019\u00e9valuation des comp\u00e9tences num\u00e9riques. Selon les r\u00e9ponses que vous avez fournies, nous vous recommandons de vous inscrire aux parcours d\u2019apprentissage pour d\u00e9butants du programme Comp\u00e9tences &hellip;","og_url":"https:\/\/www.skillingup.ca\/fr\/skills-assessment\/skillingup-digital-skills-assessment-digital-skills-job-readiness\/dsa-dsjr-beginner-support-recommendation\/","og_site_name":"SkillingUp | VisezHaut","article_publisher":"https:\/\/www.facebook.com\/MODCES","article_modified_time":"2026-04-24T15:35:46+00:00","og_image":[{"width":256,"height":256,"url":"https:\/\/www.skillingup.ca\/wp-content\/uploads\/2025\/07\/downloading.png","type":"image\/png"}],"twitter_card":"summary_large_image","twitter_site":"@marchofdimescda","twitter_misc":{"Est. reading time":"2 minutes"},"schema":{"@context":"https:\/\/schema.org","@graph":[{"@type":"WebPage","@id":"https:\/\/www.skillingup.ca\/fr\/skills-assessment\/skillingup-digital-skills-assessment-digital-skills-job-readiness\/dsa-dsjr-beginner-support-recommendation\/","url":"https:\/\/www.skillingup.ca\/fr\/skills-assessment\/skillingup-digital-skills-assessment-digital-skills-job-readiness\/dsa-dsjr-beginner-support-recommendation\/","name":"des recommandations pour le programme Comp\u00e9tences num\u00e9riques et employabilit\u00e9 - SkillingUp | VisezHaut","isPartOf":{"@id":"https:\/\/www.skillingup.ca\/fr\/#website"},"primaryImageOfPage":{"@id":"https:\/\/www.skillingup.ca\/fr\/skills-assessment\/skillingup-digital-skills-assessment-digital-skills-job-readiness\/dsa-dsjr-beginner-support-recommendation\/#primaryimage"},"image":{"@id":"https:\/\/www.skillingup.ca\/fr\/skills-assessment\/skillingup-digital-skills-assessment-digital-skills-job-readiness\/dsa-dsjr-beginner-support-recommendation\/#primaryimage"},"thumbnailUrl":"https:\/\/www.skillingup.ca\/wp-content\/uploads\/2025\/07\/downloading.png","datePublished":"2025-09-04T02:09:33+00:00","dateModified":"2026-04-24T15:35:46+00:00","breadcrumb":{"@id":"https:\/\/www.skillingup.ca\/fr\/skills-assessment\/skillingup-digital-skills-assessment-digital-skills-job-readiness\/dsa-dsjr-beginner-support-recommendation\/#breadcrumb"},"inLanguage":"fr-FR","potentialAction":[{"@type":"ReadAction","target":["https:\/\/www.skillingup.ca\/fr\/skills-assessment\/skillingup-digital-skills-assessment-digital-skills-job-readiness\/dsa-dsjr-beginner-support-recommendation\/"]}]},{"@type":"ImageObject","inLanguage":"fr-FR","@id":"https:\/\/www.skillingup.ca\/fr\/skills-assessment\/skillingup-digital-skills-assessment-digital-skills-job-readiness\/dsa-dsjr-beginner-support-recommendation\/#primaryimage","url":"https:\/\/www.skillingup.ca\/wp-content\/uploads\/2025\/07\/downloading.png","contentUrl":"https:\/\/www.skillingup.ca\/wp-content\/uploads\/2025\/07\/downloading.png"},{"@type":"BreadcrumbList","@id":"https:\/\/www.skillingup.ca\/fr\/skills-assessment\/skillingup-digital-skills-assessment-digital-skills-job-readiness\/dsa-dsjr-beginner-support-recommendation\/#breadcrumb","itemListElement":[{"@type":"ListItem","position":1,"name":"Home","item":"https:\/\/www.skillingup.ca\/fr\/"},{"@type":"ListItem","position":2,"name":"\u00c9valuation des comp\u00e9tences num\u00e9riques","item":"https:\/\/www.skillingup.ca\/fr\/skills-assessment\/"},{"@type":"ListItem","position":3,"name":"Questions pour le programme Comp\u00e9tences num\u00e9riques et employabilit\u00e9","item":"https:\/\/www.skillingup.ca\/fr\/skills-assessment\/skillingup-digital-skills-assessment-digital-skills-job-readiness\/"},{"@type":"ListItem","position":4,"name":"des recommandations pour le programme Comp\u00e9tences num\u00e9riques et employabilit\u00e9"}]},{"@type":"WebSite","@id":"https:\/\/www.skillingup.ca\/fr\/#website","url":"https:\/\/www.skillingup.ca\/fr\/","name":"SkillingUp","description":"","publisher":{"@id":"https:\/\/www.skillingup.ca\/fr\/#organization"},"potentialAction":[{"@type":"SearchAction","target":{"@type":"EntryPoint","urlTemplate":"https:\/\/www.skillingup.ca\/fr\/?s={search_term_string}"},"query-input":{"@type":"PropertyValueSpecification","valueRequired":true,"valueName":"search_term_string"}}],"inLanguage":"fr-FR"},{"@type":"Organization","@id":"https:\/\/www.skillingup.ca\/fr\/#organization","name":"SkillingUp","url":"https:\/\/www.skillingup.ca\/fr\/","logo":{"@type":"ImageObject","inLanguage":"fr-FR","@id":"https:\/\/www.skillingup.ca\/fr\/#\/schema\/logo\/image\/","url":"https:\/\/www.skillingup.ca\/wp-content\/uploads\/2023\/09\/MicrosoftTeams-image-7.jpg","contentUrl":"https:\/\/www.skillingup.ca\/wp-content\/uploads\/2023\/09\/MicrosoftTeams-image-7.jpg","width":500,"height":86,"caption":"SkillingUp"},"image":{"@id":"https:\/\/www.skillingup.ca\/fr\/#\/schema\/logo\/image\/"},"sameAs":["https:\/\/www.facebook.com\/MODCES","https:\/\/x.com\/marchofdimescda","https:\/\/www.instagram.com\/marchofdimescda\/"]}]}},"_links":{"self":[{"href":"https:\/\/www.skillingup.ca\/fr\/wp-json\/wp\/v2\/pages\/16284","targetHints":{"allow":["GET"]}}],"collection":[{"href":"https:\/\/www.skillingup.ca\/fr\/wp-json\/wp\/v2\/pages"}],"about":[{"href":"https:\/\/www.skillingup.ca\/fr\/wp-json\/wp\/v2\/types\/page"}],"author":[{"embeddable":true,"href":"https:\/\/www.skillingup.ca\/fr\/wp-json\/wp\/v2\/users\/2"}],"replies":[{"embeddable":true,"href":"https:\/\/www.skillingup.ca\/fr\/wp-json\/wp\/v2\/comments?post=16284"}],"version-history":[{"count":0,"href":"https:\/\/www.skillingup.ca\/fr\/wp-json\/wp\/v2\/pages\/16284\/revisions"}],"up":[{"embeddable":true,"href":"https:\/\/www.skillingup.ca\/fr\/wp-json\/wp\/v2\/pages\/16274"}],"wp:attachment":[{"href":"https:\/\/www.skillingup.ca\/fr\/wp-json\/wp\/v2\/media?parent=16284"}],"curies":[{"name":"wp","href":"https:\/\/api.w.org\/{rel}","templated":true}]}}