{"id":16277,"date":"2025-07-16T10:26:55","date_gmt":"2025-07-16T14:26:55","guid":{"rendered":"https:\/\/www.skillingup.ca\/skills-assessment\/skillingup-digital-skills-assessment-accessible-technology\/digital-skills-assessment-recommendations-accessible-technology\/"},"modified":"2026-04-24T11:30:03","modified_gmt":"2026-04-24T15:30:03","slug":"digital-skills-assessment-recommendations-accessible-technology","status":"publish","type":"page","link":"https:\/\/www.skillingup.ca\/fr\/skills-assessment\/skillingup-digital-skills-assessment\/digital-skills-assessment-recommendations-accessible-technology\/","title":{"rendered":"Page des recommandations pour le programme Technologie accessible"},"content":{"rendered":"\t\t<div data-elementor-type=\"wp-page\" data-elementor-id=\"16277\" class=\"elementor elementor-16277 elementor-16115\">\n\t\t\t\t<div class=\"elementor-element elementor-element-b666eed e-flex e-con-boxed e-con e-parent\" data-id=\"b666eed\" data-element_type=\"container\">\n\t\t\t\t\t<div class=\"e-con-inner\">\n\t\t\t\t<div class=\"elementor-element elementor-element-1784d07 elementor-widget elementor-widget-spacer\" data-id=\"1784d07\" data-element_type=\"widget\" data-widget_type=\"spacer.default\">\n\t\t\t\t<div class=\"elementor-widget-container\">\n\t\t\t\t\t\t\t<div class=\"elementor-spacer\">\n\t\t\t<div class=\"elementor-spacer-inner\"><\/div>\n\t\t<\/div>\n\t\t\t\t\t\t<\/div>\n\t\t\t\t<\/div>\n\t\t\t\t<div class=\"elementor-element elementor-element-c988393 elementor-widget thim-ekits-heading elementor-widget-thim-heading\" data-id=\"c988393\" data-element_type=\"widget\" data-widget_type=\"thim-heading.default\">\n\t\t\t\t<div class=\"elementor-widget-container\">\n\t\t\t\t\t<div class=\"sc_heading\"><h1 class=\"title\">Recommandations suivant l\u2019\u00e9valuation des comp\u00e9tences num\u00e9riques - VisezHaut  <\/h1><\/div>\t\t\t\t<\/div>\n\t\t\t\t<\/div>\n\t\t\t\t<div class=\"elementor-element elementor-element-aea4572 elementor-widget-divider--view-line elementor-widget elementor-widget-divider\" data-id=\"aea4572\" data-element_type=\"widget\" data-widget_type=\"divider.default\">\n\t\t\t\t<div class=\"elementor-widget-container\">\n\t\t\t\t\t\t\t<div class=\"elementor-divider\">\n\t\t\t<span class=\"elementor-divider-separator\">\n\t\t\t\t\t\t<\/span>\n\t\t<\/div>\n\t\t\t\t\t\t<\/div>\n\t\t\t\t<\/div>\n\t\t\t\t\t<\/div>\n\t\t\t\t<\/div>\n\t\t<div class=\"elementor-element elementor-element-6833c89 e-flex e-con-boxed e-con e-parent\" data-id=\"6833c89\" data-element_type=\"container\">\n\t\t\t\t\t<div class=\"e-con-inner\">\n\t\t\t\t<div class=\"elementor-element elementor-element-d8df938 elementor-widget elementor-widget-text-editor\" data-id=\"d8df938\" data-element_type=\"widget\" data-widget_type=\"text-editor.default\">\n\t\t\t\t<div class=\"elementor-widget-container\">\n\t\t\t\t\t\t\t\t\t<h3><span style=\"color: #ffffff;\"><strong>\u00c9valuation g\u00e9n\u00e9rale<\/strong><\/span><\/h3><p><span class=\"TextRun SCXW115289195 BCX8\" lang=\"FR-CA\" xml:lang=\"FR-CA\" data-contrast=\"auto\"><span class=\"NormalTextRun SCXW115289195 BCX8\">Merci d<\/span><span class=\"NormalTextRun SCXW115289195 BCX8\">\u2019<\/span><span class=\"NormalTextRun SCXW115289195 BCX8\">avoir <\/span><span class=\"NormalTextRun SCXW115289195 BCX8\">r\u00e9pondu aux <\/span><span class=\"NormalTextRun SCXW115289195 BCX8\">questions de l<\/span><span class=\"NormalTextRun SCXW115289195 BCX8\">\u2019<\/span><span class=\"NormalTextRun SCXW115289195 BCX8\">outil <\/span><span class=\"NormalTextRun SCXW115289195 BCX8\">d<\/span><span class=\"NormalTextRun SCXW115289195 BCX8\">\u2019<\/span><span class=\"NormalTextRun SCXW115289195 BCX8\">\u00e9valuation des comp\u00e9tences num\u00e9riques.<\/span> <\/span><strong><span class=\"TextRun SCXW115289195 BCX8\" lang=\"FR-CA\" xml:lang=\"FR-CA\" data-contrast=\"auto\"><span class=\"NormalTextRun SCXW115289195 BCX8\">Selon les<\/span><span class=\"NormalTextRun SCXW115289195 BCX8\"> r\u00e9ponses<\/span><span class=\"NormalTextRun SCXW115289195 BCX8\"> que vous avez fournies<\/span><span class=\"NormalTextRun SCXW115289195 BCX8\">, nous vous recommandons de vous inscrire <\/span><span class=\"NormalTextRun SCXW115289195 BCX8\">au p<\/span><span class=\"NormalTextRun SCXW115289195 BCX8\">rogramme<\/span><span class=\"NormalTextRun SCXW115289195 BCX8\"> T<\/span><span class=\"NormalTextRun SCXW115289195 BCX8\">echnologie accessible<\/span><span class=\"NormalTextRun SCXW115289195 BCX8\">.<\/span><\/span><span class=\"EOP SCXW115289195 BCX8\" data-ccp-props=\"{}\">\u00a0<\/span><\/strong><\/p><p><span class=\"TextRun SCXW59625469 BCX8\" lang=\"FR-CA\" xml:lang=\"FR-CA\" data-contrast=\"auto\"><span class=\"NormalTextRun SCXW59625469 BCX8\">Ce p<\/span><span class=\"NormalTextRun SCXW59625469 BCX8\">rogramme<\/span> <span class=\"NormalTextRun SCXW59625469 BCX8\">est con\u00e7u <\/span><span class=\"NormalTextRun SCXW59625469 BCX8\">pour aider les personnes \u00e0 <\/span><span class=\"NormalTextRun SCXW59625469 BCX8\">avoir acc\u00e8s<\/span><span class=\"NormalTextRun SCXW59625469 BCX8\"> aux outils et aux strat\u00e9gies <\/span><span class=\"NormalTextRun SCXW59625469 BCX8\">dont elles ont besoin <\/span><span class=\"NormalTextRun SCXW59625469 BCX8\">pour utiliser l<\/span><span class=\"NormalTextRun SCXW59625469 BCX8\">es<\/span><span class=\"NormalTextRun SCXW59625469 BCX8\"> technologie<\/span><span class=\"NormalTextRun SCXW59625469 BCX8\">s<\/span><span class=\"NormalTextRun SCXW59625469 BCX8\"> de mani\u00e8re plus efficace et <\/span><span class=\"NormalTextRun SCXW59625469 BCX8\">autonome<\/span><span class=\"NormalTextRun SCXW59625469 BCX8\">.<\/span><\/span><span class=\"EOP SCXW59625469 BCX8\" data-ccp-props=\"{}\">\u00a0<\/span><\/p>\t\t\t\t\t\t\t\t<\/div>\n\t\t\t\t<\/div>\n\t\t\t\t\t<\/div>\n\t\t\t\t<\/div>\n\t\t<div class=\"elementor-element elementor-element-200a982 e-grid e-con-boxed e-con e-parent\" data-id=\"200a982\" data-element_type=\"container\" id=\"next\">\n\t\t\t\t\t<div class=\"e-con-inner\">\n\t\t<div class=\"elementor-element elementor-element-60b8349 e-con-full e-flex e-con e-child\" data-id=\"60b8349\" data-element_type=\"container\">\n\t\t\t\t<div class=\"elementor-element elementor-element-9249b81 elementor-widget elementor-widget-heading\" data-id=\"9249b81\" data-element_type=\"widget\" data-widget_type=\"heading.default\">\n\t\t\t\t<div class=\"elementor-widget-container\">\n\t\t\t\t\t<h2 class=\"elementor-heading-title elementor-size-default\">Enregistrez vos r\u00e9sultats <\/h2>\t\t\t\t<\/div>\n\t\t\t\t<\/div>\n\t\t\t\t<div class=\"elementor-element elementor-element-153f50a elementor-position-right elementor-vertical-align-middle elementor-widget__width-initial elementor-widget-mobile__width-inherit elementor-widget elementor-widget-image-box\" data-id=\"153f50a\" data-element_type=\"widget\" data-widget_type=\"image-box.default\">\n\t\t\t\t<div class=\"elementor-widget-container\">\n\t\t\t\t\t<div class=\"elementor-image-box-wrapper\"><figure class=\"elementor-image-box-img\"><img fetchpriority=\"high\" decoding=\"async\" width=\"256\" height=\"256\" src=\"https:\/\/www.skillingup.ca\/wp-content\/uploads\/2025\/07\/downloading.png\" class=\"attachment-full size-full wp-image-16119\" alt=\"\" srcset=\"https:\/\/www.skillingup.ca\/wp-content\/uploads\/2025\/07\/downloading.png 256w, https:\/\/www.skillingup.ca\/wp-content\/uploads\/2025\/07\/downloading-150x150.png 150w\" sizes=\"(max-width: 256px) 100vw, 256px\" \/><\/figure><div class=\"elementor-image-box-content\"><h3 class=\"elementor-image-box-title\">T\u00e9l\u00e9chargez les r\u00e9sultats <\/h3><\/div><\/div>\t\t\t\t<\/div>\n\t\t\t\t<\/div>\n\t\t\t\t<div class=\"elementor-element elementor-element-30a19fc elementor-widget elementor-widget-text-editor\" data-id=\"30a19fc\" data-element_type=\"widget\" data-widget_type=\"text-editor.default\">\n\t\t\t\t<div class=\"elementor-widget-container\">\n\t\t\t\t\t\t\t\t\tT\u00e9l\u00e9chargez une copie des r\u00e9sultats de votre \u00e9valuation en format\u202fPDF. \t\t\t\t\t\t\t\t<\/div>\n\t\t\t\t<\/div>\n\t\t\t\t<\/div>\n\t\t<div class=\"elementor-element elementor-element-c8b0ecc e-con-full e-flex e-con e-child\" data-id=\"c8b0ecc\" data-element_type=\"container\">\n\t\t\t\t<div class=\"elementor-element elementor-element-b5f3af1 elementor-widget elementor-widget-heading\" data-id=\"b5f3af1\" data-element_type=\"widget\" data-widget_type=\"heading.default\">\n\t\t\t\t<div class=\"elementor-widget-container\">\n\t\t\t\t\t<h2 class=\"elementor-heading-title elementor-size-default\">Prochaines \u00e9tapes <\/h2>\t\t\t\t<\/div>\n\t\t\t\t<\/div>\n\t\t\t\t<div class=\"elementor-element elementor-element-894c27e elementor-position-right elementor-vertical-align-middle elementor-widget__width-initial elementor-widget elementor-widget-image-box\" data-id=\"894c27e\" data-element_type=\"widget\" data-widget_type=\"image-box.default\">\n\t\t\t\t<div class=\"elementor-widget-container\">\n\t\t\t\t\t<div class=\"elementor-image-box-wrapper\"><figure class=\"elementor-image-box-img\"><img decoding=\"async\" width=\"256\" height=\"256\" src=\"https:\/\/www.skillingup.ca\/wp-content\/uploads\/2025\/08\/register-1.png\" class=\"attachment-medium size-medium wp-image-16200\" alt=\"\" srcset=\"https:\/\/www.skillingup.ca\/wp-content\/uploads\/2025\/08\/register-1.png 256w, https:\/\/www.skillingup.ca\/wp-content\/uploads\/2025\/08\/register-1-150x150.png 150w\" sizes=\"(max-width: 256px) 100vw, 256px\" \/><\/figure><div class=\"elementor-image-box-content\"><h3 class=\"elementor-image-box-title\">Inscrivez-vous au programme Technologie accessible <\/h3><\/div><\/div>\t\t\t\t<\/div>\n\t\t\t\t<\/div>\n\t\t\t\t<div class=\"elementor-element elementor-element-0125380 elementor-widget elementor-widget-text-editor\" data-id=\"0125380\" data-element_type=\"widget\" data-widget_type=\"text-editor.default\">\n\t\t\t\t<div class=\"elementor-widget-container\">\n\t\t\t\t\t\t\t\t\tInscrivez-vous au programme recommand\u00e9 pour commencer votre apprentissage! \t\t\t\t\t\t\t\t<\/div>\n\t\t\t\t<\/div>\n\t\t\t\t<div class=\"elementor-element elementor-element-16bce25 elementor-align-left elementor-widget elementor-widget-button\" data-id=\"16bce25\" data-element_type=\"widget\" data-widget_type=\"button.default\">\n\t\t\t\t<div class=\"elementor-widget-container\">\n\t\t\t\t\t\t\t\t\t<div class=\"elementor-button-wrapper\">\n\t\t\t\t\t<a class=\"elementor-button elementor-button-link elementor-size-sm\" href=\"\/fr\/register\/?program=Technologie_accessible\">\n\t\t\t\t\t\t<span class=\"elementor-button-content-wrapper\">\n\t\t\t\t\t\t\t\t\t<span class=\"elementor-button-text\">S\u2019inscrire <\/span>\n\t\t\t\t\t<\/span>\n\t\t\t\t\t<\/a>\n\t\t\t\t<\/div>\n\t\t\t\t\t\t\t\t<\/div>\n\t\t\t\t<\/div>\n\t\t\t\t<\/div>\n\t\t\t\t\t<\/div>\n\t\t\t\t<\/div>\n\t\t<div class=\"elementor-element elementor-element-528af03 e-flex e-con-boxed e-con e-parent\" data-id=\"528af03\" data-element_type=\"container\">\n\t\t\t\t\t<div class=\"e-con-inner\">\n\t\t<div class=\"elementor-element elementor-element-55c9613 e-con-full e-flex e-con e-child\" data-id=\"55c9613\" data-element_type=\"container\">\n\t\t\t\t<div class=\"elementor-element elementor-element-031680a elementor-widget elementor-widget-heading\" data-id=\"031680a\" data-element_type=\"widget\" data-widget_type=\"heading.default\">\n\t\t\t\t<div class=\"elementor-widget-container\">\n\t\t\t\t\t<h3 class=\"elementor-heading-title elementor-size-default\">Besoin d\u2019aide? <\/h3>\t\t\t\t<\/div>\n\t\t\t\t<\/div>\n\t\t\t\t<div class=\"elementor-element elementor-element-d0a6b4e iconbox-text-left elementor-widget elementor-widget-thim-icon-box\" data-id=\"d0a6b4e\" data-element_type=\"widget\" data-widget_type=\"thim-icon-box.default\">\n\t\t\t\t<div class=\"elementor-widget-container\">\n\t\t\t\t\t<div class=\"thim-widget-icon-box\"><div class=\"wrapper-box-icon has_custom_image text-left \"><div class=\"smicon-box iconbox-left\"><div class=\"boxes-icon\"><span class=\"inner-icon\"><span class=\"icon icon-images\"><img decoding=\"async\" src=\"https:\/\/www.skillingup.ca\/wp-content\/uploads\/2025\/08\/question-1-1.png\" alt=\"question (1) (1)\"  width=\"256\" height=\"256\"><\/span><\/span><\/div><div class=\"content-inner\"><div class=\"desc-icon-box\"><div class=\"desc-content\">Si vous avez des questions sur les r\u00e9sultats de votre \u00e9valuation ou si vous avez besoin d\u2019aide, l\u2019\u00e9quipe VisezHaut est l\u00e0 pour vous aider. <\/div><a class=\"smicon-read sc-btn\" href=\"https:\/\/www.skillingup.ca\/fr\/contact\/?reason=dsa&#038;details=Bonjour.%20J%E2%80%99ai%20une%20question%20%C3%A0%20propos%20de%20mes%20r%C3%A9sultats%20d%E2%80%99%C3%A9valuation%20pour%20le%20programme%20Technologie%20accessible.\" target=\"_blank\" rel=\"nofollow\">Contactez le Service de soutien  <i class=\"fa fa-chevron-right\"><\/i><\/a><\/div><\/div><\/div><\/div><\/div>\t\t\t\t<\/div>\n\t\t\t\t<\/div>\n\t\t\t\t<\/div>\n\t\t\t\t\t<\/div>\n\t\t\t\t<\/div>\n\t\t\t\t<\/div>\n\t\t","protected":false},"excerpt":{"rendered":"<p>Recommandations suivant l\u2019\u00e9valuation des comp\u00e9tences num\u00e9riques &#8211; VisezHaut \u00c9valuation g\u00e9n\u00e9rale Merci d\u2019avoir r\u00e9pondu aux questions de l\u2019outil d\u2019\u00e9valuation des comp\u00e9tences num\u00e9riques. Selon les r\u00e9ponses que vous avez fournies, nous vous recommandons de vous inscrire au programme Technologie accessible.\u00a0 Ce programme &hellip; <\/p>\n","protected":false},"author":2,"featured_media":0,"parent":16270,"menu_order":0,"comment_status":"closed","ping_status":"closed","template":"","meta":{"footnotes":""},"class_list":["post-16277","page","type-page","status-publish","hentry"],"yoast_head":"<!-- This site is optimized with the Yoast SEO plugin v26.4 - https:\/\/yoast.com\/wordpress\/plugins\/seo\/ -->\n<title>Page des recommandations pour le programme Technologie accessible - SkillingUp | VisezHaut<\/title>\n<meta name=\"robots\" content=\"index, follow, max-snippet:-1, max-image-preview:large, max-video-preview:-1\" \/>\n<link rel=\"canonical\" href=\"https:\/\/www.skillingup.ca\/fr\/skills-assessment\/skillingup-digital-skills-assessment\/digital-skills-assessment-recommendations-accessible-technology\/\" \/>\n<meta property=\"og:locale\" content=\"fr_FR\" \/>\n<meta property=\"og:type\" content=\"article\" \/>\n<meta property=\"og:title\" content=\"Page des recommandations pour le programme Technologie accessible - SkillingUp | VisezHaut\" \/>\n<meta property=\"og:description\" content=\"Recommandations suivant l\u2019\u00e9valuation des comp\u00e9tences num\u00e9riques &#8211; VisezHaut \u00c9valuation g\u00e9n\u00e9rale Merci d\u2019avoir r\u00e9pondu aux questions de l\u2019outil d\u2019\u00e9valuation des comp\u00e9tences num\u00e9riques. Selon les r\u00e9ponses que vous avez fournies, nous vous recommandons de vous inscrire au programme Technologie accessible.\u00a0 Ce programme &hellip;\" \/>\n<meta property=\"og:url\" content=\"https:\/\/www.skillingup.ca\/fr\/skills-assessment\/skillingup-digital-skills-assessment\/digital-skills-assessment-recommendations-accessible-technology\/\" \/>\n<meta property=\"og:site_name\" content=\"SkillingUp | VisezHaut\" \/>\n<meta property=\"article:publisher\" content=\"https:\/\/www.facebook.com\/MODCES\" \/>\n<meta property=\"article:modified_time\" content=\"2026-04-24T15:30:03+00:00\" \/>\n<meta property=\"og:image\" content=\"https:\/\/www.skillingup.ca\/wp-content\/uploads\/2025\/07\/downloading.png\" \/>\n\t<meta property=\"og:image:width\" content=\"256\" \/>\n\t<meta property=\"og:image:height\" content=\"256\" \/>\n\t<meta property=\"og:image:type\" content=\"image\/png\" \/>\n<meta name=\"twitter:card\" content=\"summary_large_image\" \/>\n<meta name=\"twitter:site\" content=\"@marchofdimescda\" \/>\n<meta name=\"twitter:label1\" content=\"Est. reading time\" \/>\n\t<meta name=\"twitter:data1\" content=\"2 minutes\" \/>\n<script type=\"application\/ld+json\" class=\"yoast-schema-graph\">{\"@context\":\"https:\/\/schema.org\",\"@graph\":[{\"@type\":\"WebPage\",\"@id\":\"https:\/\/www.skillingup.ca\/fr\/skills-assessment\/skillingup-digital-skills-assessment\/digital-skills-assessment-recommendations-accessible-technology\/\",\"url\":\"https:\/\/www.skillingup.ca\/fr\/skills-assessment\/skillingup-digital-skills-assessment\/digital-skills-assessment-recommendations-accessible-technology\/\",\"name\":\"Page des recommandations pour le programme Technologie accessible - SkillingUp | VisezHaut\",\"isPartOf\":{\"@id\":\"https:\/\/www.skillingup.ca\/fr\/#website\"},\"primaryImageOfPage\":{\"@id\":\"https:\/\/www.skillingup.ca\/fr\/skills-assessment\/skillingup-digital-skills-assessment\/digital-skills-assessment-recommendations-accessible-technology\/#primaryimage\"},\"image\":{\"@id\":\"https:\/\/www.skillingup.ca\/fr\/skills-assessment\/skillingup-digital-skills-assessment\/digital-skills-assessment-recommendations-accessible-technology\/#primaryimage\"},\"thumbnailUrl\":\"https:\/\/www.skillingup.ca\/wp-content\/uploads\/2025\/07\/downloading.png\",\"datePublished\":\"2025-07-16T14:26:55+00:00\",\"dateModified\":\"2026-04-24T15:30:03+00:00\",\"breadcrumb\":{\"@id\":\"https:\/\/www.skillingup.ca\/fr\/skills-assessment\/skillingup-digital-skills-assessment\/digital-skills-assessment-recommendations-accessible-technology\/#breadcrumb\"},\"inLanguage\":\"fr-FR\",\"potentialAction\":[{\"@type\":\"ReadAction\",\"target\":[\"https:\/\/www.skillingup.ca\/fr\/skills-assessment\/skillingup-digital-skills-assessment\/digital-skills-assessment-recommendations-accessible-technology\/\"]}]},{\"@type\":\"ImageObject\",\"inLanguage\":\"fr-FR\",\"@id\":\"https:\/\/www.skillingup.ca\/fr\/skills-assessment\/skillingup-digital-skills-assessment\/digital-skills-assessment-recommendations-accessible-technology\/#primaryimage\",\"url\":\"https:\/\/www.skillingup.ca\/wp-content\/uploads\/2025\/07\/downloading.png\",\"contentUrl\":\"https:\/\/www.skillingup.ca\/wp-content\/uploads\/2025\/07\/downloading.png\"},{\"@type\":\"BreadcrumbList\",\"@id\":\"https:\/\/www.skillingup.ca\/fr\/skills-assessment\/skillingup-digital-skills-assessment\/digital-skills-assessment-recommendations-accessible-technology\/#breadcrumb\",\"itemListElement\":[{\"@type\":\"ListItem\",\"position\":1,\"name\":\"Home\",\"item\":\"https:\/\/www.skillingup.ca\/fr\/\"},{\"@type\":\"ListItem\",\"position\":2,\"name\":\"\u00c9valuation des comp\u00e9tences num\u00e9riques\",\"item\":\"https:\/\/www.skillingup.ca\/fr\/skills-assessment\/\"},{\"@type\":\"ListItem\",\"position\":3,\"name\":\"Questions pour le programme\",\"item\":\"https:\/\/www.skillingup.ca\/fr\/skills-assessment\/skillingup-digital-skills-assessment\/\"},{\"@type\":\"ListItem\",\"position\":4,\"name\":\"Page des recommandations pour le programme Technologie accessible\"}]},{\"@type\":\"WebSite\",\"@id\":\"https:\/\/www.skillingup.ca\/fr\/#website\",\"url\":\"https:\/\/www.skillingup.ca\/fr\/\",\"name\":\"SkillingUp\",\"description\":\"\",\"publisher\":{\"@id\":\"https:\/\/www.skillingup.ca\/fr\/#organization\"},\"potentialAction\":[{\"@type\":\"SearchAction\",\"target\":{\"@type\":\"EntryPoint\",\"urlTemplate\":\"https:\/\/www.skillingup.ca\/fr\/?s={search_term_string}\"},\"query-input\":{\"@type\":\"PropertyValueSpecification\",\"valueRequired\":true,\"valueName\":\"search_term_string\"}}],\"inLanguage\":\"fr-FR\"},{\"@type\":\"Organization\",\"@id\":\"https:\/\/www.skillingup.ca\/fr\/#organization\",\"name\":\"SkillingUp\",\"url\":\"https:\/\/www.skillingup.ca\/fr\/\",\"logo\":{\"@type\":\"ImageObject\",\"inLanguage\":\"fr-FR\",\"@id\":\"https:\/\/www.skillingup.ca\/fr\/#\/schema\/logo\/image\/\",\"url\":\"https:\/\/www.skillingup.ca\/wp-content\/uploads\/2023\/09\/MicrosoftTeams-image-7.jpg\",\"contentUrl\":\"https:\/\/www.skillingup.ca\/wp-content\/uploads\/2023\/09\/MicrosoftTeams-image-7.jpg\",\"width\":500,\"height\":86,\"caption\":\"SkillingUp\"},\"image\":{\"@id\":\"https:\/\/www.skillingup.ca\/fr\/#\/schema\/logo\/image\/\"},\"sameAs\":[\"https:\/\/www.facebook.com\/MODCES\",\"https:\/\/x.com\/marchofdimescda\",\"https:\/\/www.instagram.com\/marchofdimescda\/\"]}]}<\/script>\n<!-- \/ Yoast SEO plugin. -->","yoast_head_json":{"title":"Page des recommandations pour le programme Technologie accessible - SkillingUp | VisezHaut","robots":{"index":"index","follow":"follow","max-snippet":"max-snippet:-1","max-image-preview":"max-image-preview:large","max-video-preview":"max-video-preview:-1"},"canonical":"https:\/\/www.skillingup.ca\/fr\/skills-assessment\/skillingup-digital-skills-assessment\/digital-skills-assessment-recommendations-accessible-technology\/","og_locale":"fr_FR","og_type":"article","og_title":"Page des recommandations pour le programme Technologie accessible - SkillingUp | VisezHaut","og_description":"Recommandations suivant l\u2019\u00e9valuation des comp\u00e9tences num\u00e9riques &#8211; VisezHaut \u00c9valuation g\u00e9n\u00e9rale Merci d\u2019avoir r\u00e9pondu aux questions de l\u2019outil d\u2019\u00e9valuation des comp\u00e9tences num\u00e9riques. Selon les r\u00e9ponses que vous avez fournies, nous vous recommandons de vous inscrire au programme Technologie accessible.\u00a0 Ce programme &hellip;","og_url":"https:\/\/www.skillingup.ca\/fr\/skills-assessment\/skillingup-digital-skills-assessment\/digital-skills-assessment-recommendations-accessible-technology\/","og_site_name":"SkillingUp | VisezHaut","article_publisher":"https:\/\/www.facebook.com\/MODCES","article_modified_time":"2026-04-24T15:30:03+00:00","og_image":[{"width":256,"height":256,"url":"https:\/\/www.skillingup.ca\/wp-content\/uploads\/2025\/07\/downloading.png","type":"image\/png"}],"twitter_card":"summary_large_image","twitter_site":"@marchofdimescda","twitter_misc":{"Est. reading time":"2 minutes"},"schema":{"@context":"https:\/\/schema.org","@graph":[{"@type":"WebPage","@id":"https:\/\/www.skillingup.ca\/fr\/skills-assessment\/skillingup-digital-skills-assessment\/digital-skills-assessment-recommendations-accessible-technology\/","url":"https:\/\/www.skillingup.ca\/fr\/skills-assessment\/skillingup-digital-skills-assessment\/digital-skills-assessment-recommendations-accessible-technology\/","name":"Page des recommandations pour le programme Technologie accessible - SkillingUp | VisezHaut","isPartOf":{"@id":"https:\/\/www.skillingup.ca\/fr\/#website"},"primaryImageOfPage":{"@id":"https:\/\/www.skillingup.ca\/fr\/skills-assessment\/skillingup-digital-skills-assessment\/digital-skills-assessment-recommendations-accessible-technology\/#primaryimage"},"image":{"@id":"https:\/\/www.skillingup.ca\/fr\/skills-assessment\/skillingup-digital-skills-assessment\/digital-skills-assessment-recommendations-accessible-technology\/#primaryimage"},"thumbnailUrl":"https:\/\/www.skillingup.ca\/wp-content\/uploads\/2025\/07\/downloading.png","datePublished":"2025-07-16T14:26:55+00:00","dateModified":"2026-04-24T15:30:03+00:00","breadcrumb":{"@id":"https:\/\/www.skillingup.ca\/fr\/skills-assessment\/skillingup-digital-skills-assessment\/digital-skills-assessment-recommendations-accessible-technology\/#breadcrumb"},"inLanguage":"fr-FR","potentialAction":[{"@type":"ReadAction","target":["https:\/\/www.skillingup.ca\/fr\/skills-assessment\/skillingup-digital-skills-assessment\/digital-skills-assessment-recommendations-accessible-technology\/"]}]},{"@type":"ImageObject","inLanguage":"fr-FR","@id":"https:\/\/www.skillingup.ca\/fr\/skills-assessment\/skillingup-digital-skills-assessment\/digital-skills-assessment-recommendations-accessible-technology\/#primaryimage","url":"https:\/\/www.skillingup.ca\/wp-content\/uploads\/2025\/07\/downloading.png","contentUrl":"https:\/\/www.skillingup.ca\/wp-content\/uploads\/2025\/07\/downloading.png"},{"@type":"BreadcrumbList","@id":"https:\/\/www.skillingup.ca\/fr\/skills-assessment\/skillingup-digital-skills-assessment\/digital-skills-assessment-recommendations-accessible-technology\/#breadcrumb","itemListElement":[{"@type":"ListItem","position":1,"name":"Home","item":"https:\/\/www.skillingup.ca\/fr\/"},{"@type":"ListItem","position":2,"name":"\u00c9valuation des comp\u00e9tences num\u00e9riques","item":"https:\/\/www.skillingup.ca\/fr\/skills-assessment\/"},{"@type":"ListItem","position":3,"name":"Questions pour le programme","item":"https:\/\/www.skillingup.ca\/fr\/skills-assessment\/skillingup-digital-skills-assessment\/"},{"@type":"ListItem","position":4,"name":"Page des recommandations pour le programme Technologie accessible"}]},{"@type":"WebSite","@id":"https:\/\/www.skillingup.ca\/fr\/#website","url":"https:\/\/www.skillingup.ca\/fr\/","name":"SkillingUp","description":"","publisher":{"@id":"https:\/\/www.skillingup.ca\/fr\/#organization"},"potentialAction":[{"@type":"SearchAction","target":{"@type":"EntryPoint","urlTemplate":"https:\/\/www.skillingup.ca\/fr\/?s={search_term_string}"},"query-input":{"@type":"PropertyValueSpecification","valueRequired":true,"valueName":"search_term_string"}}],"inLanguage":"fr-FR"},{"@type":"Organization","@id":"https:\/\/www.skillingup.ca\/fr\/#organization","name":"SkillingUp","url":"https:\/\/www.skillingup.ca\/fr\/","logo":{"@type":"ImageObject","inLanguage":"fr-FR","@id":"https:\/\/www.skillingup.ca\/fr\/#\/schema\/logo\/image\/","url":"https:\/\/www.skillingup.ca\/wp-content\/uploads\/2023\/09\/MicrosoftTeams-image-7.jpg","contentUrl":"https:\/\/www.skillingup.ca\/wp-content\/uploads\/2023\/09\/MicrosoftTeams-image-7.jpg","width":500,"height":86,"caption":"SkillingUp"},"image":{"@id":"https:\/\/www.skillingup.ca\/fr\/#\/schema\/logo\/image\/"},"sameAs":["https:\/\/www.facebook.com\/MODCES","https:\/\/x.com\/marchofdimescda","https:\/\/www.instagram.com\/marchofdimescda\/"]}]}},"_links":{"self":[{"href":"https:\/\/www.skillingup.ca\/fr\/wp-json\/wp\/v2\/pages\/16277","targetHints":{"allow":["GET"]}}],"collection":[{"href":"https:\/\/www.skillingup.ca\/fr\/wp-json\/wp\/v2\/pages"}],"about":[{"href":"https:\/\/www.skillingup.ca\/fr\/wp-json\/wp\/v2\/types\/page"}],"author":[{"embeddable":true,"href":"https:\/\/www.skillingup.ca\/fr\/wp-json\/wp\/v2\/users\/2"}],"replies":[{"embeddable":true,"href":"https:\/\/www.skillingup.ca\/fr\/wp-json\/wp\/v2\/comments?post=16277"}],"version-history":[{"count":0,"href":"https:\/\/www.skillingup.ca\/fr\/wp-json\/wp\/v2\/pages\/16277\/revisions"}],"up":[{"embeddable":true,"href":"https:\/\/www.skillingup.ca\/fr\/wp-json\/wp\/v2\/pages\/16270"}],"wp:attachment":[{"href":"https:\/\/www.skillingup.ca\/fr\/wp-json\/wp\/v2\/media?parent=16277"}],"curies":[{"name":"wp","href":"https:\/\/api.w.org\/{rel}","templated":true}]}}