{"id":15735,"date":"2025-04-01T21:20:49","date_gmt":"2025-04-02T01:20:49","guid":{"rendered":"https:\/\/www.skillingup.ca\/accessibility-commitment\/"},"modified":"2025-06-18T16:30:42","modified_gmt":"2025-06-18T20:30:42","slug":"accessibility-commitment","status":"publish","type":"page","link":"https:\/\/www.skillingup.ca\/fr\/accessibility-commitment\/","title":{"rendered":"Engagement en mati\u00e8re d\u2019accessibilit\u00e9"},"content":{"rendered":"\t\t<div data-elementor-type=\"wp-page\" data-elementor-id=\"15735\" class=\"elementor elementor-15735 elementor-15576\">\n\t\t\t\t\t\t<section class=\"elementor-section elementor-top-section elementor-element elementor-element-2c6327b1 elementor-section-stretched elementor-section-full_width elementor-section-height-default elementor-section-height-default\" data-id=\"2c6327b1\" data-element_type=\"section\" data-settings=\"{&quot;stretch_section&quot;:&quot;section-stretched&quot;,&quot;background_background&quot;:&quot;classic&quot;}\">\n\t\t\t\t\t\t\t<div class=\"elementor-background-overlay\"><\/div>\n\t\t\t\t\t\t\t<div class=\"elementor-container elementor-column-gap-no\">\n\t\t\t\t\t<div class=\"elementor-column elementor-col-100 elementor-top-column elementor-element elementor-element-7dd5e578\" data-id=\"7dd5e578\" data-element_type=\"column\">\n\t\t\t<div class=\"elementor-widget-wrap elementor-element-populated\">\n\t\t\t\t\t\t<div class=\"elementor-element elementor-element-e3a3cc3 thim-ekits-heading-text-center elementor-widget__width-inherit elementor-widget thim-ekits-heading elementor-widget-thim-heading\" data-id=\"e3a3cc3\" data-element_type=\"widget\" data-widget_type=\"thim-heading.default\">\n\t\t\t\t<div class=\"elementor-widget-container\">\n\t\t\t\t\t<div class=\"sc_heading text-center\"><h1 class=\"title\">Engagement en mati\u00e8re d\u2019accessibilit\u00e9 <\/h1><\/div>\t\t\t\t<\/div>\n\t\t\t\t<\/div>\n\t\t\t\t\t<\/div>\n\t\t<\/div>\n\t\t\t\t\t<\/div>\n\t\t<\/section>\n\t\t<div class=\"elementor-element elementor-element-786faf2 e-grid e-con-boxed e-con e-parent\" data-id=\"786faf2\" data-element_type=\"container\">\n\t\t\t\t\t<div class=\"e-con-inner\">\n\t\t<div class=\"elementor-element elementor-element-d70a5a9 e-con-full e-flex e-con e-child\" data-id=\"d70a5a9\" data-element_type=\"container\">\n\t\t\t\t<div class=\"elementor-element elementor-element-e62e39e thim-ekits-heading-text-left elementor-widget thim-ekits-heading elementor-widget-thim-heading\" data-id=\"e62e39e\" data-element_type=\"widget\" data-widget_type=\"thim-heading.default\">\n\t\t\t\t<div class=\"elementor-widget-container\">\n\t\t\t\t\t<div class=\"sc_heading text-left\"><h3 class=\"title\">\u00c9nonc\u00e9 sur l\u2019accessibilit\u00e9 <\/h3><\/div>\t\t\t\t<\/div>\n\t\t\t\t<\/div>\n\t\t\t\t<div class=\"elementor-element elementor-element-27bea1b elementor-widget elementor-widget-text-editor\" data-id=\"27bea1b\" data-element_type=\"widget\" data-widget_type=\"text-editor.default\">\n\t\t\t\t<div class=\"elementor-widget-container\">\n\t\t\t\t\t\t\t\t\t<p>La Marche des dix sous du Canada (MDSC) s\u2019est engag\u00e9e \u00e0 fournir des services de haute qualit\u00e9 d\u2019une fa\u00e7on qui respecte la dignit\u00e9 et l\u2019ind\u00e9pendance des personnes en situation de handicap. Consultez le <a href=\"https:\/\/www.marchofdimes.ca\/fr-ca\/anotresujet\/ppubliques\/Pages\/AODA-Multi-Year-Accessibility-Plan.aspx\" target=\"_blank\" rel=\"noopener\"><strong>Plan d\u2019accessibilit\u00e9 pluriannuel de la MDSC<\/strong><\/a> pour en savoir plus au sujet de notre politique en mati\u00e8re d\u2019accessibilit\u00e9.<br \/><br \/><br \/>Si vous avez des questions ou avez besoin de plus d\u2019information, \u00e9crivez-nous \u00e0\u00a0: <a href=\"mailto:visezhaut@marchofdimes.ca\" target=\"_blank\" rel=\"noopener\"><strong>visezhaut@marchofdimes.ca<\/strong><\/a><\/p>\t\t\t\t\t\t\t\t<\/div>\n\t\t\t\t<\/div>\n\t\t\t\t<\/div>\n\t\t<div class=\"elementor-element elementor-element-b8f2422 e-con-full e-flex e-con e-child\" data-id=\"b8f2422\" data-element_type=\"container\">\n\t\t\t\t<div class=\"elementor-element elementor-element-ad03495 elementor-widget elementor-widget-image\" data-id=\"ad03495\" data-element_type=\"widget\" data-widget_type=\"image.default\">\n\t\t\t\t<div class=\"elementor-widget-container\">\n\t\t\t\t\t\t\t\t\t\t\t\t\t\t\t<img fetchpriority=\"high\" decoding=\"async\" width=\"640\" height=\"442\" src=\"https:\/\/www.skillingup.ca\/wp-content\/uploads\/2025\/04\/undraw_web-browsing_qx8i.svg\" class=\"attachment-large size-large wp-image-15582\" alt=\"Illustration of a person in a wheelchair, holding a cellphone with arm raised\" \/>\t\t\t\t\t\t\t\t\t\t\t\t\t\t\t<\/div>\n\t\t\t\t<\/div>\n\t\t\t\t<\/div>\n\t\t\t\t\t<\/div>\n\t\t\t\t<\/div>\n\t\t\t\t<\/div>\n\t\t","protected":false},"excerpt":{"rendered":"<p>Engagement en mati\u00e8re d\u2019accessibilit\u00e9 \u00c9nonc\u00e9 sur l\u2019accessibilit\u00e9 La Marche des dix sous du Canada (MDSC) s\u2019est engag\u00e9e \u00e0 fournir des services de haute qualit\u00e9 d\u2019une fa\u00e7on qui respecte la dignit\u00e9 et l\u2019ind\u00e9pendance des personnes en situation de handicap. Consultez le &hellip; <\/p>\n","protected":false},"author":2,"featured_media":0,"parent":0,"menu_order":0,"comment_status":"closed","ping_status":"closed","template":"elementor_header_footer","meta":{"footnotes":""},"class_list":["post-15735","page","type-page","status-publish","hentry"],"yoast_head":"<!-- This site is optimized with the Yoast SEO plugin v26.4 - https:\/\/yoast.com\/wordpress\/plugins\/seo\/ -->\n<title>Engagement en mati\u00e8re d\u2019accessibilit\u00e9 - SkillingUp | VisezHaut<\/title>\n<meta name=\"robots\" content=\"index, follow, max-snippet:-1, max-image-preview:large, max-video-preview:-1\" \/>\n<link rel=\"canonical\" href=\"https:\/\/www.skillingup.ca\/fr\/accessibility-commitment\/\" \/>\n<meta property=\"og:locale\" content=\"fr_FR\" \/>\n<meta property=\"og:type\" content=\"article\" \/>\n<meta property=\"og:title\" content=\"Engagement en mati\u00e8re d\u2019accessibilit\u00e9 - SkillingUp | VisezHaut\" \/>\n<meta property=\"og:description\" content=\"Engagement en mati\u00e8re d\u2019accessibilit\u00e9 \u00c9nonc\u00e9 sur l\u2019accessibilit\u00e9 La Marche des dix sous du Canada (MDSC) s\u2019est engag\u00e9e \u00e0 fournir des services de haute qualit\u00e9 d\u2019une fa\u00e7on qui respecte la dignit\u00e9 et l\u2019ind\u00e9pendance des personnes en situation de handicap. Consultez le &hellip;\" \/>\n<meta property=\"og:url\" content=\"https:\/\/www.skillingup.ca\/fr\/accessibility-commitment\/\" \/>\n<meta property=\"og:site_name\" content=\"SkillingUp | VisezHaut\" \/>\n<meta property=\"article:publisher\" content=\"https:\/\/www.facebook.com\/MODCES\" \/>\n<meta property=\"article:modified_time\" content=\"2025-06-18T20:30:42+00:00\" \/>\n<meta name=\"twitter:card\" content=\"summary_large_image\" \/>\n<meta name=\"twitter:site\" content=\"@marchofdimescda\" \/>\n<meta name=\"twitter:label1\" content=\"Est. reading time\" \/>\n\t<meta name=\"twitter:data1\" content=\"1 minute\" \/>\n<script type=\"application\/ld+json\" class=\"yoast-schema-graph\">{\"@context\":\"https:\/\/schema.org\",\"@graph\":[{\"@type\":\"WebPage\",\"@id\":\"https:\/\/www.skillingup.ca\/fr\/accessibility-commitment\/\",\"url\":\"https:\/\/www.skillingup.ca\/fr\/accessibility-commitment\/\",\"name\":\"Engagement en mati\u00e8re d\u2019accessibilit\u00e9 - SkillingUp | VisezHaut\",\"isPartOf\":{\"@id\":\"https:\/\/www.skillingup.ca\/fr\/#website\"},\"primaryImageOfPage\":{\"@id\":\"https:\/\/www.skillingup.ca\/fr\/accessibility-commitment\/#primaryimage\"},\"image\":{\"@id\":\"https:\/\/www.skillingup.ca\/fr\/accessibility-commitment\/#primaryimage\"},\"thumbnailUrl\":\"https:\/\/www.skillingup.ca\/wp-content\/uploads\/2025\/04\/undraw_web-browsing_qx8i.svg\",\"datePublished\":\"2025-04-02T01:20:49+00:00\",\"dateModified\":\"2025-06-18T20:30:42+00:00\",\"breadcrumb\":{\"@id\":\"https:\/\/www.skillingup.ca\/fr\/accessibility-commitment\/#breadcrumb\"},\"inLanguage\":\"fr-FR\",\"potentialAction\":[{\"@type\":\"ReadAction\",\"target\":[\"https:\/\/www.skillingup.ca\/fr\/accessibility-commitment\/\"]}]},{\"@type\":\"ImageObject\",\"inLanguage\":\"fr-FR\",\"@id\":\"https:\/\/www.skillingup.ca\/fr\/accessibility-commitment\/#primaryimage\",\"url\":\"https:\/\/www.skillingup.ca\/wp-content\/uploads\/2025\/04\/undraw_web-browsing_qx8i.svg\",\"contentUrl\":\"https:\/\/www.skillingup.ca\/wp-content\/uploads\/2025\/04\/undraw_web-browsing_qx8i.svg\"},{\"@type\":\"BreadcrumbList\",\"@id\":\"https:\/\/www.skillingup.ca\/fr\/accessibility-commitment\/#breadcrumb\",\"itemListElement\":[{\"@type\":\"ListItem\",\"position\":1,\"name\":\"Home\",\"item\":\"https:\/\/www.skillingup.ca\/fr\/\"},{\"@type\":\"ListItem\",\"position\":2,\"name\":\"Engagement en mati\u00e8re d\u2019accessibilit\u00e9\"}]},{\"@type\":\"WebSite\",\"@id\":\"https:\/\/www.skillingup.ca\/fr\/#website\",\"url\":\"https:\/\/www.skillingup.ca\/fr\/\",\"name\":\"SkillingUp\",\"description\":\"\",\"publisher\":{\"@id\":\"https:\/\/www.skillingup.ca\/fr\/#organization\"},\"potentialAction\":[{\"@type\":\"SearchAction\",\"target\":{\"@type\":\"EntryPoint\",\"urlTemplate\":\"https:\/\/www.skillingup.ca\/fr\/?s={search_term_string}\"},\"query-input\":{\"@type\":\"PropertyValueSpecification\",\"valueRequired\":true,\"valueName\":\"search_term_string\"}}],\"inLanguage\":\"fr-FR\"},{\"@type\":\"Organization\",\"@id\":\"https:\/\/www.skillingup.ca\/fr\/#organization\",\"name\":\"SkillingUp\",\"url\":\"https:\/\/www.skillingup.ca\/fr\/\",\"logo\":{\"@type\":\"ImageObject\",\"inLanguage\":\"fr-FR\",\"@id\":\"https:\/\/www.skillingup.ca\/fr\/#\/schema\/logo\/image\/\",\"url\":\"https:\/\/www.skillingup.ca\/wp-content\/uploads\/2023\/09\/MicrosoftTeams-image-7.jpg\",\"contentUrl\":\"https:\/\/www.skillingup.ca\/wp-content\/uploads\/2023\/09\/MicrosoftTeams-image-7.jpg\",\"width\":500,\"height\":86,\"caption\":\"SkillingUp\"},\"image\":{\"@id\":\"https:\/\/www.skillingup.ca\/fr\/#\/schema\/logo\/image\/\"},\"sameAs\":[\"https:\/\/www.facebook.com\/MODCES\",\"https:\/\/x.com\/marchofdimescda\",\"https:\/\/www.instagram.com\/marchofdimescda\/\"]}]}<\/script>\n<!-- \/ Yoast SEO plugin. -->","yoast_head_json":{"title":"Engagement en mati\u00e8re d\u2019accessibilit\u00e9 - SkillingUp | VisezHaut","robots":{"index":"index","follow":"follow","max-snippet":"max-snippet:-1","max-image-preview":"max-image-preview:large","max-video-preview":"max-video-preview:-1"},"canonical":"https:\/\/www.skillingup.ca\/fr\/accessibility-commitment\/","og_locale":"fr_FR","og_type":"article","og_title":"Engagement en mati\u00e8re d\u2019accessibilit\u00e9 - SkillingUp | VisezHaut","og_description":"Engagement en mati\u00e8re d\u2019accessibilit\u00e9 \u00c9nonc\u00e9 sur l\u2019accessibilit\u00e9 La Marche des dix sous du Canada (MDSC) s\u2019est engag\u00e9e \u00e0 fournir des services de haute qualit\u00e9 d\u2019une fa\u00e7on qui respecte la dignit\u00e9 et l\u2019ind\u00e9pendance des personnes en situation de handicap. Consultez le &hellip;","og_url":"https:\/\/www.skillingup.ca\/fr\/accessibility-commitment\/","og_site_name":"SkillingUp | VisezHaut","article_publisher":"https:\/\/www.facebook.com\/MODCES","article_modified_time":"2025-06-18T20:30:42+00:00","twitter_card":"summary_large_image","twitter_site":"@marchofdimescda","twitter_misc":{"Est. reading time":"1 minute"},"schema":{"@context":"https:\/\/schema.org","@graph":[{"@type":"WebPage","@id":"https:\/\/www.skillingup.ca\/fr\/accessibility-commitment\/","url":"https:\/\/www.skillingup.ca\/fr\/accessibility-commitment\/","name":"Engagement en mati\u00e8re d\u2019accessibilit\u00e9 - SkillingUp | VisezHaut","isPartOf":{"@id":"https:\/\/www.skillingup.ca\/fr\/#website"},"primaryImageOfPage":{"@id":"https:\/\/www.skillingup.ca\/fr\/accessibility-commitment\/#primaryimage"},"image":{"@id":"https:\/\/www.skillingup.ca\/fr\/accessibility-commitment\/#primaryimage"},"thumbnailUrl":"https:\/\/www.skillingup.ca\/wp-content\/uploads\/2025\/04\/undraw_web-browsing_qx8i.svg","datePublished":"2025-04-02T01:20:49+00:00","dateModified":"2025-06-18T20:30:42+00:00","breadcrumb":{"@id":"https:\/\/www.skillingup.ca\/fr\/accessibility-commitment\/#breadcrumb"},"inLanguage":"fr-FR","potentialAction":[{"@type":"ReadAction","target":["https:\/\/www.skillingup.ca\/fr\/accessibility-commitment\/"]}]},{"@type":"ImageObject","inLanguage":"fr-FR","@id":"https:\/\/www.skillingup.ca\/fr\/accessibility-commitment\/#primaryimage","url":"https:\/\/www.skillingup.ca\/wp-content\/uploads\/2025\/04\/undraw_web-browsing_qx8i.svg","contentUrl":"https:\/\/www.skillingup.ca\/wp-content\/uploads\/2025\/04\/undraw_web-browsing_qx8i.svg"},{"@type":"BreadcrumbList","@id":"https:\/\/www.skillingup.ca\/fr\/accessibility-commitment\/#breadcrumb","itemListElement":[{"@type":"ListItem","position":1,"name":"Home","item":"https:\/\/www.skillingup.ca\/fr\/"},{"@type":"ListItem","position":2,"name":"Engagement en mati\u00e8re d\u2019accessibilit\u00e9"}]},{"@type":"WebSite","@id":"https:\/\/www.skillingup.ca\/fr\/#website","url":"https:\/\/www.skillingup.ca\/fr\/","name":"SkillingUp","description":"","publisher":{"@id":"https:\/\/www.skillingup.ca\/fr\/#organization"},"potentialAction":[{"@type":"SearchAction","target":{"@type":"EntryPoint","urlTemplate":"https:\/\/www.skillingup.ca\/fr\/?s={search_term_string}"},"query-input":{"@type":"PropertyValueSpecification","valueRequired":true,"valueName":"search_term_string"}}],"inLanguage":"fr-FR"},{"@type":"Organization","@id":"https:\/\/www.skillingup.ca\/fr\/#organization","name":"SkillingUp","url":"https:\/\/www.skillingup.ca\/fr\/","logo":{"@type":"ImageObject","inLanguage":"fr-FR","@id":"https:\/\/www.skillingup.ca\/fr\/#\/schema\/logo\/image\/","url":"https:\/\/www.skillingup.ca\/wp-content\/uploads\/2023\/09\/MicrosoftTeams-image-7.jpg","contentUrl":"https:\/\/www.skillingup.ca\/wp-content\/uploads\/2023\/09\/MicrosoftTeams-image-7.jpg","width":500,"height":86,"caption":"SkillingUp"},"image":{"@id":"https:\/\/www.skillingup.ca\/fr\/#\/schema\/logo\/image\/"},"sameAs":["https:\/\/www.facebook.com\/MODCES","https:\/\/x.com\/marchofdimescda","https:\/\/www.instagram.com\/marchofdimescda\/"]}]}},"_links":{"self":[{"href":"https:\/\/www.skillingup.ca\/fr\/wp-json\/wp\/v2\/pages\/15735","targetHints":{"allow":["GET"]}}],"collection":[{"href":"https:\/\/www.skillingup.ca\/fr\/wp-json\/wp\/v2\/pages"}],"about":[{"href":"https:\/\/www.skillingup.ca\/fr\/wp-json\/wp\/v2\/types\/page"}],"author":[{"embeddable":true,"href":"https:\/\/www.skillingup.ca\/fr\/wp-json\/wp\/v2\/users\/2"}],"replies":[{"embeddable":true,"href":"https:\/\/www.skillingup.ca\/fr\/wp-json\/wp\/v2\/comments?post=15735"}],"version-history":[{"count":0,"href":"https:\/\/www.skillingup.ca\/fr\/wp-json\/wp\/v2\/pages\/15735\/revisions"}],"wp:attachment":[{"href":"https:\/\/www.skillingup.ca\/fr\/wp-json\/wp\/v2\/media?parent=15735"}],"curies":[{"name":"wp","href":"https:\/\/api.w.org\/{rel}","templated":true}]}}