{"id":15313,"date":"2024-10-14T22:09:08","date_gmt":"2024-10-15T02:09:08","guid":{"rendered":"https:\/\/www.skillingup.ca\/?page_id=15313"},"modified":"2024-10-28T14:10:34","modified_gmt":"2024-10-28T18:10:34","slug":"plan-du-site","status":"publish","type":"page","link":"https:\/\/www.skillingup.ca\/fr\/plan-du-site\/","title":{"rendered":"Plan du site"},"content":{"rendered":"\t\t<div data-elementor-type=\"wp-page\" data-elementor-id=\"15313\" class=\"elementor elementor-15313 elementor-15258\">\n\t\t\t\t<div class=\"elementor-element elementor-element-90ce49d e-flex e-con-boxed e-con e-parent\" data-id=\"90ce49d\" data-element_type=\"container\">\n\t\t\t\t\t<div class=\"e-con-inner\">\n\t\t\t\t<div class=\"elementor-element elementor-element-9760c90 elementor-widget elementor-widget-html\" data-id=\"9760c90\" data-element_type=\"widget\" data-widget_type=\"html.default\">\n\t\t\t\t<div class=\"elementor-widget-container\">\n\t\t\t\t\t<h3 class=\"wp-block-heading\">Pages<\/h3>\r\n<ul class=\"wp-block-list\">\r\n \t<li><a href=\"https:\/\/www.skillingup.ca\/fr\/\">Accueil<\/a><\/li>\r\n \t<li><a href=\"https:\/\/www.skillingup.ca\/fr\/get-skilled\/\" rel=\"nofollow\">Participants<\/a><\/li>\r\n \t<li><a href=\"https:\/\/www.skillingup.ca\/fr\/for-employers-agencies\/\" rel=\"nofollow\">Employeurs<\/a><\/li>\r\n \t<li><a href=\"https:\/\/www.skillingup.ca\/fr\/for-employers-agencies\/\" rel=\"nofollow\">Organismes<\/a><\/li>\r\n \t<li><a href=\"https:\/\/www.skillingup.ca\/fr\/apply-now-for-skillingup\/\">Inscrivez-vous au programme VisezHaut<\/a><\/li>\r\n \t<li><a href=\"https:\/\/www.skillingup.ca\/fr\/beginner-foundational-digital-literacy\/\">D\u00e9butant \u2014 Habilet\u00e9 num\u00e9rique de base<\/a>\r\n<ul class=\"wp-block-list\">\r\n \t<li><a href=\"https:\/\/www.skillingup.ca\/fr\/pathways\/entrepreneurship\/\">Entrepreneuriat<\/a><\/li>\r\n \t<li><a href=\"https:\/\/www.skillingup.ca\/fr\/pathways\/professional-soft-skills\/\">Comp\u00e9tences professionnelles g\u00e9n\u00e9rales<\/a><\/li>\r\n \t<li><a href=\"https:\/\/www.skillingup.ca\/fr\/pathways\/learnpress-101\/\">Litt\u00e9ratie num\u00e9rique et productivit\u00e9<\/a><\/li>\r\n \t<li><a href=\"https:\/\/www.skillingup.ca\/fr\/pathways\/postuler-offres-emploi\/\">Rechercher et postuler \u00e0 des offres d\u2019emploi<\/a><\/li>\r\n<\/ul>\r\n<\/li>\r\n \t<li><a href=\"https:\/\/www.skillingup.ca\/fr\/courses\/intermediate-role-based-career-certificates\/\">Interm\u00e9diaire \u2014 Certificats professionnels bas\u00e9s sur des r\u00f4les professionnels<\/a>\r\n<ul class=\"wp-block-list\">\r\n \t<li><a href=\"https:\/\/www.skillingup.ca\/fr\/pathways\/generative-ai\/\">IA g\u00e9n\u00e9rative<\/a><\/li>\r\n \t<li><a href=\"https:\/\/www.skillingup.ca\/fr\/pathways\/software-developer\/\">D\u00e9veloppement de logiciels<\/a><\/li>\r\n \t<li><a href=\"https:\/\/www.skillingup.ca\/fr\/pathways\/data-analyst\/\">Analyste de donn\u00e9es<\/a><\/li>\r\n \t<li><a href=\"https:\/\/www.skillingup.ca\/fr\/pathways\/systems-administrator\/\">Administration de syst\u00e8me<\/a><\/li>\r\n \t<li><a href=\"https:\/\/www.skillingup.ca\/fr\/pathways\/business-analyst\/\">Analyste d\u2019affaire<\/a><\/li>\r\n \t<li><a href=\"https:\/\/www.skillingup.ca\/fr\/pathways\/project-manager\/\">Professionnel de la gestion de projet<\/a><\/li>\r\n \t<li><a href=\"https:\/\/www.skillingup.ca\/fr\/pathways\/administrative-professional\/\">Professionnel de l\u2019administration<\/a><\/li>\r\n \t<li><a href=\"https:\/\/www.skillingup.ca\/fr\/pathways\/cybersecurity-en\/\">Cybers\u00e9curit\u00e9<\/a><\/li>\r\n \t<li><a href=\"https:\/\/www.skillingup.ca\/fr\/pathways\/technologies-durables\/\">Technologies durables<\/a><\/li>\r\n<\/ul>\r\n<\/li>\r\n \t<li><a href=\"https:\/\/www.skillingup.ca\/fr\/courses\/advanced-skills-certification\/\">Avanc\u00e9 \u2014 Certification de comp\u00e9tences avanc\u00e9es<\/a>\r\n<ul class=\"wp-block-list\">\r\n \t<li><a href=\"https:\/\/www.skillingup.ca\/fr\/pathways\/ai-900-microsoft-certified-azure-ai-fundamentals\/\">(AI \u2013 900) Certifi\u00e9 Microsoft : Concepts de base IA Azure<\/a><\/li>\r\n \t<li><a href=\"https:\/\/www.skillingup.ca\/fr\/pathways\/ms-700-microsoft-365-certified-teams-administrator-associate\/\">(MS-700) Certifi\u00e9 Microsoft 365 : Associ\u00e9 administrateur Teams<\/a><\/li>\r\n \t<li><a href=\"https:\/\/www.skillingup.ca\/fr\/pathways\/sc-900-microsoft-certified-security-compliance-and-identity-fundamentals\/\">(SC-900) Certifi\u00e9 Microsoft : Fondamentaux s\u00e9curit\u00e9, conformit\u00e9 et identit\u00e9<\/a><\/li>\r\n \t<li><a href=\"https:\/\/www.skillingup.ca\/fr\/pathways\/pl-900-microsoft-certified-power-platform-fundamentals\/\">(PL-900) Certifi\u00e9 Microsoft : Principes de base de Power Platform<\/a><\/li>\r\n \t<li><a href=\"https:\/\/www.skillingup.ca\/fr\/pathways\/mb-910-microsoft-certified-dynamics-365-fundamentals-crm\/\">(MB-910) Certifi\u00e9 Microsoft : Fondamentaux de Microsoft Dynamics 365 (CRM)<\/a><\/li>\r\n \t<li><a href=\"https:\/\/www.skillingup.ca\/fr\/pathways\/ms-900-microsoft-365-certified-fundamentals\/\">(MS-900) Certifi\u00e9 Microsoft 365 : Principes de base<\/a><\/li>\r\n<\/ul>\r\n<\/li>\r\n \t<li><a href=\"https:\/\/www.skillingup.ca\/fr\/get-skilled\/\">\u00a0D\u00e9veloppez des comp\u00e9tences<\/a>\r\n<ul class=\"wp-block-list\">\r\n \t<li><a href=\"https:\/\/www.skillingup.ca\/fr\/apply-now-for-skillingup\/\">Inscrivez-vous au programme VisezHaut.<\/a><\/li>\r\n \t<li><a href=\"https:\/\/www.skillingup.ca\/fr\/beginner-foundational-digital-literacy\/\">D\u00e9butant \u2014 Habilet\u00e9 num\u00e9rique de base<\/a>\r\n<ul class=\"wp-block-list\">\r\n \t<li><a href=\"https:\/\/www.skillingup.ca\/fr\/pathways\/entrepreneurship\/\">Entrepreneuriat<\/a><\/li>\r\n \t<li><a href=\"https:\/\/www.skillingup.ca\/fr\/pathways\/professional-soft-skills\/\">Comp\u00e9tences professionnelles g\u00e9n\u00e9rales<\/a><\/li>\r\n \t<li><a href=\"https:\/\/www.skillingup.ca\/fr\/pathways\/learnpress-101\/\">Litt\u00e9ratie num\u00e9rique et productivit\u00e9<\/a><\/li>\r\n \t<li><a href=\"https:\/\/www.skillingup.ca\/fr\/pathways\/postuler-offres-emploi\/\">Rechercher et postuler \u00e0 des offres d\u2019emploi<\/a><\/li>\r\n<\/ul>\r\n<\/li>\r\n \t<li><a href=\"https:\/\/www.skillingup.ca\/fr\/courses\/intermediate-role-based-career-certificates\/\">Interm\u00e9diaire \u2014 Certificats professionnels bas\u00e9s sur des r\u00f4les professionnels<\/a>\r\n<ul class=\"wp-block-list\">\r\n \t<li><a href=\"https:\/\/www.skillingup.ca\/fr\/pathways\/generative-ai\/\">IA g\u00e9n\u00e9rative<\/a><\/li>\r\n \t<li><a href=\"https:\/\/www.skillingup.ca\/fr\/pathways\/software-developer\/\">D\u00e9veloppement de logiciels<\/a><\/li>\r\n \t<li><a href=\"https:\/\/www.skillingup.ca\/fr\/pathways\/data-analyst\/\">Analyste de donn\u00e9es<\/a><\/li>\r\n \t<li><a href=\"https:\/\/www.skillingup.ca\/fr\/pathways\/systems-administrator\/\">Administration de syst\u00e8me<\/a><\/li>\r\n \t<li><a href=\"https:\/\/www.skillingup.ca\/fr\/pathways\/business-analyst\/\">Analyste d\u2019affaire<\/a><\/li>\r\n \t<li><a href=\"https:\/\/www.skillingup.ca\/fr\/pathways\/project-manager\/\">Professionnel de la gestion de projet<\/a><\/li>\r\n \t<li><a href=\"https:\/\/www.skillingup.ca\/fr\/pathways\/administrative-professional\/\">Professionnel de l\u2019administration<\/a><\/li>\r\n \t<li><a href=\"https:\/\/www.skillingup.ca\/fr\/pathways\/cybersecurity-en\/\">Cybers\u00e9curit\u00e9<\/a><\/li>\r\n \t<li><a href=\"https:\/\/www.skillingup.ca\/fr\/pathways\/technologies-durables\/\">Technologies durables<\/a><\/li>\r\n<\/ul>\r\n<\/li>\r\n \t<li><a href=\"https:\/\/www.skillingup.ca\/fr\/courses\/advanced-skills-certification\/\">Avanc\u00e9 \u2014 Certification de comp\u00e9tences avanc\u00e9es<\/a>\r\n<ul class=\"wp-block-list\">\r\n \t<li><a href=\"https:\/\/www.skillingup.ca\/fr\/pathways\/ai-900-microsoft-certified-azure-ai-fundamentals\/\">(AI \u2013 900) Certifi\u00e9 Microsoft : Concepts de base IA Azure<\/a><\/li>\r\n \t<li><a href=\"https:\/\/www.skillingup.ca\/fr\/pathways\/ms-700-microsoft-365-certified-teams-administrator-associate\/\">(MS-700) Certifi\u00e9 Microsoft 365 : Associ\u00e9 administrateur Teams<\/a><\/li>\r\n \t<li><a href=\"https:\/\/www.skillingup.ca\/fr\/pathways\/sc-900-microsoft-certified-security-compliance-and-identity-fundamentals\/\">(SC-900) Certifi\u00e9 Microsoft : Fondamentaux s\u00e9curit\u00e9, conformit\u00e9 et identit\u00e9<\/a><\/li>\r\n \t<li><a href=\"https:\/\/www.skillingup.ca\/fr\/pathways\/pl-900-microsoft-certified-power-platform-fundamentals\/\">(PL-900) Certifi\u00e9 Microsoft : Principes de base de Power Platform<\/a><\/li>\r\n \t<li><a href=\"https:\/\/www.skillingup.ca\/fr\/pathways\/mb-910-microsoft-certified-dynamics-365-fundamentals-crm\/\">(MB-910) Certifi\u00e9 Microsoft : Fondamentaux de Microsoft Dynamics 365 (CRM)<\/a><\/li>\r\n \t<li><a href=\"https:\/\/www.skillingup.ca\/fr\/pathways\/ms-900-microsoft-365-certified-fundamentals\/\">(MS-900) Certifi\u00e9 Microsoft 365 : Principes de base<\/a><\/li>\r\n<\/ul>\r\n<\/li>\r\n \t<li><a href=\"https:\/\/www.skillingup.ca\/fr\/get-certified\/\">Certification de niveau avanc\u00e9<\/a><\/li>\r\n \t<li><a href=\"https:\/\/www.skillingup.ca\/fr\/find-a-mentor\/\">Possibilit\u00e9s de mentorat<\/a><\/li>\r\n<\/ul>\r\n<\/li>\r\n \t<li><a href=\"https:\/\/www.skillingup.ca\/fr\/get-certified\/\">Obtenez une certification<\/a>\r\n<ul class=\"wp-block-list\">\r\n \t<li><a href=\"https:\/\/www.skillingup.ca\/fr\/get-skilled\/\">D\u00e9veloppez des comp\u00e9tences.<\/a><\/li>\r\n \t<li><a href=\"https:\/\/www.skillingup.ca\/fr\/apply-now-for-skillingup\/\">Inscrivez-vous au programme VisezHaut.<\/a><\/li>\r\n \t<li><a href=\"https:\/\/www.skillingup.ca\/fr\/courses\/advanced-skills-certification\/\">Avanc\u00e9 \u2014 Certification de comp\u00e9tences avanc\u00e9es<\/a>\r\n<ul class=\"wp-block-list\">\r\n \t<li><a href=\"https:\/\/www.skillingup.ca\/fr\/pathways\/ai-900-microsoft-certified-azure-ai-fundamentals\/\">(AI \u2013 900) Certifi\u00e9 Microsoft : Concepts de base IA Azure<\/a><\/li>\r\n \t<li><a href=\"https:\/\/www.skillingup.ca\/fr\/pathways\/ms-700-microsoft-365-certified-teams-administrator-associate\/\">(MS-700) Certifi\u00e9 Microsoft 365 : Associ\u00e9 administrateur Teams<\/a><\/li>\r\n \t<li><a href=\"https:\/\/www.skillingup.ca\/fr\/pathways\/sc-900-microsoft-certified-security-compliance-and-identity-fundamentals\/\">(SC-900) Certifi\u00e9 Microsoft : Fondamentaux s\u00e9curit\u00e9, conformit\u00e9 et identit\u00e9<\/a><\/li>\r\n \t<li><a href=\"https:\/\/www.skillingup.ca\/fr\/pathways\/pl-900-microsoft-certified-power-platform-fundamentals\/\">(PL-900) Certifi\u00e9 Microsoft : Principes de base de Power Platform<\/a><\/li>\r\n \t<li><a href=\"https:\/\/www.skillingup.ca\/fr\/pathways\/mb-910-microsoft-certified-dynamics-365-fundamentals-crm\/\">(MB-910) Certifi\u00e9 Microsoft : Fondamentaux de Microsoft Dynamics 365 (CRM)<\/a><\/li>\r\n \t<li><a href=\"https:\/\/www.skillingup.ca\/fr\/pathways\/ms-900-microsoft-365-certified-fundamentals\/\">(MS-900) Certifi\u00e9 Microsoft 365 : Principes de base<\/a><\/li>\r\n<\/ul>\r\n<\/li>\r\n<\/ul>\r\n<\/li>\r\n \t<li><a href=\"https:\/\/www.skillingup.ca\/fr\/find-a-job\/\">Trouvez un emploi<\/a>\r\n<ul class=\"wp-block-list\">\r\n \t<li>\u00a0<a href=\"https:\/\/www.skillingup.ca\/fr\/find-a-mentor\/\">Inscrivez-vous sur notre portail.<\/a><\/li>\r\n \t<li><a href=\"https:\/\/platform.qooper.io\/signIn\">Connexion \u00e0 la plateforme de mentorat<\/a><\/li>\r\n<\/ul>\r\n<\/li>\r\n \t<li><a href=\"https:\/\/www.skillingup.ca\/fr\/for-employers-agencies\/\">Employeurs et organismes<\/a><\/li>\r\n \t<li><a href=\"https:\/\/www.skillingup.ca\/fr\/get-involved\/\">Mentorat, recrutement et contribution<\/a>\r\n<ul class=\"wp-block-list\">\r\n \t<li><a href=\"https:\/\/www.skillingup.ca\/fr\/become-a-mentor-2\/\">Inscrivez-vous pour devenir mentor!<\/a><\/li>\r\n \t<li><a href=\"https:\/\/www.skillingup.ca\/fr\/become-a-mentor-2\/\">Inscription pour devenir mentor<\/a><\/li>\r\n \t<li><a href=\"https:\/\/platform.qooper.io\/signIn\">Mentor \u2013 Se connecter<\/a><\/li>\r\n \t<li><a href=\"https:\/\/marchofdimes.akaraisin.com\/ui\/4f11363b91784cb1a169adf256ea505a\">Versez un don aujourd\u2019hui!<\/a><\/li>\r\n<\/ul>\r\n<\/li>\r\n \t<li><a href=\"https:\/\/www.skillingup.ca\/fr\/learner-portal-2\/\">Se connecter<\/a>\r\n<ul class=\"wp-block-list\">\r\n \t<li><a href=\"https:\/\/modccommunitytraining.azurewebsites.net\/\">Apprenant \u2013 Se connecter<\/a><\/li>\r\n \t<li><a href=\"https:\/\/platform.qooper.io\/signIn\">Mentor \u2013 Se connecter<\/a><\/li>\r\n \t<li><a href=\"https:\/\/platform.qooper.io\/signIn\">Mentor\u00e9 \u2013 Se connecter<\/a><\/li>\r\n \t<li><a href=\"https:\/\/modccommunitytraining.azurewebsites.net\/\">Connexion utilisateur<\/a><\/li>\r\n \t<li><a href=\"https:\/\/www.skillingup.ca\/fr\/apply-now-for-skillingup\/\">Inscrivez-vous maintenant<\/a><\/li>\r\n \t<li><a href=\"https:\/\/platform.qooper.io\/signIn\">Mentor \u2013 Se connecter<\/a><\/li>\r\n \t<li><a href=\"https:\/\/platform.qooper.io\/signIn\">Acc\u00e9der \u00e0 la plateforme de mentorat<\/a><\/li>\r\n<\/ul>\r\n<\/li>\r\n \t<li><a href=\"https:\/\/www.modcemploymentservices.ca\/fr\/politiques-de-confidentialite\/\">Confidentialit\u00e9<\/a><\/li>\r\n \t<li><a href=\"https:\/\/www.marchofdimes.ca\/fr-ca\/anotresujet\/ppubliques\">Politiques<\/a><\/li>\r\n<\/ul>\r\n<h3 class=\"wp-block-heading\">Cours \/ Parcours<\/h3>\r\n<ul class=\"wp-block-list\">\r\n \t<li><a href=\"https:\/\/www.skillingup.ca\/fr\/beginner-foundational-digital-literacy\/\">D\u00e9butant \u2014 Habilet\u00e9 num\u00e9rique de base<\/a>\r\n<ul class=\"wp-block-list\">\r\n \t<li><a href=\"https:\/\/www.skillingup.ca\/fr\/pathways\/entrepreneurship\/\">Entrepreneuriat<\/a><\/li>\r\n \t<li><a href=\"https:\/\/www.skillingup.ca\/fr\/pathways\/professional-soft-skills\/\">Comp\u00e9tences professionnelles g\u00e9n\u00e9rales<\/a><\/li>\r\n \t<li><a href=\"https:\/\/www.skillingup.ca\/fr\/pathways\/learnpress-101\/\">Litt\u00e9ratie num\u00e9rique et productivit\u00e9<\/a><\/li>\r\n \t<li><a href=\"https:\/\/www.skillingup.ca\/fr\/pathways\/postuler-offres-emploi\/\">Rechercher et postuler \u00e0 des offres d\u2019emploi<\/a><\/li>\r\n<\/ul>\r\n<\/li>\r\n \t<li><a href=\"https:\/\/www.skillingup.ca\/fr\/courses\/intermediate-role-based-career-certificates\/\">Interm\u00e9diaire \u2014 Certificats professionnels bas\u00e9s sur des r\u00f4les professionnels<\/a>\r\n<ul class=\"wp-block-list\">\r\n \t<li><a href=\"https:\/\/www.skillingup.ca\/fr\/pathways\/generative-ai\/\">IA g\u00e9n\u00e9rative<\/a><\/li>\r\n \t<li><a href=\"https:\/\/www.skillingup.ca\/fr\/pathways\/software-developer\/\">D\u00e9veloppement de logiciels<\/a><\/li>\r\n \t<li><a href=\"https:\/\/www.skillingup.ca\/fr\/pathways\/data-analyst\/\">Analyste de donn\u00e9es<\/a><\/li>\r\n \t<li><a href=\"https:\/\/www.skillingup.ca\/fr\/pathways\/systems-administrator\/\">Administration de syst\u00e8me<\/a><\/li>\r\n \t<li><a href=\"https:\/\/www.skillingup.ca\/fr\/pathways\/business-analyst\/\">Analyste d\u2019affaire<\/a><\/li>\r\n \t<li><a href=\"https:\/\/www.skillingup.ca\/fr\/pathways\/project-manager\/\">Professionnel de la gestion de projet<\/a><\/li>\r\n \t<li><a href=\"https:\/\/www.skillingup.ca\/fr\/pathways\/administrative-professional\/\">Professionnel de l\u2019administration<\/a><\/li>\r\n \t<li><a href=\"https:\/\/www.skillingup.ca\/fr\/pathways\/cybersecurity-en\/\">Cybers\u00e9curit\u00e9<\/a><\/li>\r\n \t<li><a href=\"https:\/\/www.skillingup.ca\/fr\/pathways\/technologies-durables\/\">Technologies durables<\/a><\/li>\r\n<\/ul>\r\n<\/li>\r\n \t<li><a href=\"https:\/\/www.skillingup.ca\/fr\/courses\/advanced-skills-certification\/\">Avanc\u00e9 \u2014 Certification de comp\u00e9<\/a>\r\n<ul class=\"wp-block-list\">\r\n \t<li><a href=\"https:\/\/www.skillingup.ca\/fr\/pathways\/ai-900-microsoft-certified-azure-ai-fundamentals\/\">(AI \u2013 900) Certifi\u00e9 Microsoft : Concepts de base IA Azure<\/a><\/li>\r\n \t<li><a href=\"https:\/\/www.skillingup.ca\/fr\/pathways\/ms-700-microsoft-365-certified-teams-administrator-associate\/\">(MS-700) Certifi\u00e9 Microsoft 365 : Associ\u00e9 administrateur Teams<\/a><\/li>\r\n \t<li><a href=\"https:\/\/www.skillingup.ca\/fr\/pathways\/sc-900-microsoft-certified-security-compliance-and-identity-fundamentals\/\">(SC-900) Certifi\u00e9 Microsoft : Fondamentaux s\u00e9curit\u00e9, conformit\u00e9 et identit\u00e9<\/a><\/li>\r\n \t<li><a href=\"https:\/\/www.skillingup.ca\/fr\/pathways\/pl-900-microsoft-certified-power-platform-fundamentals\/\">(PL-900) Certifi\u00e9 Microsoft : Principes de base de Power Platform<\/a><\/li>\r\n \t<li><a href=\"https:\/\/www.skillingup.ca\/fr\/pathways\/mb-910-microsoft-certified-dynamics-365-fundamentals-crm\/\">(MB-910) Certifi\u00e9 Microsoft : Fondamentaux de Microsoft Dynamics 365 (CRM)<\/a><\/li>\r\n \t<li><a href=\"https:\/\/www.skillingup.ca\/fr\/pathways\/ms-900-microsoft-365-certified-fundamentals\/\">(MS-900) Certifi\u00e9 Microsoft 365 : Principes de base<\/a><\/li>\r\n<\/ul>\r\n<\/li>\r\n<\/ul>\t\t\t\t<\/div>\n\t\t\t\t<\/div>\n\t\t\t\t\t<\/div>\n\t\t\t\t<\/div>\n\t\t\t\t<\/div>\n\t\t","protected":false},"excerpt":{"rendered":"<p>Pages Accueil Participants Employeurs Organismes Inscrivez-vous au programme VisezHaut D\u00e9butant \u2014 Habilet\u00e9 num\u00e9rique de base Entrepreneuriat Comp\u00e9tences professionnelles g\u00e9n\u00e9rales Litt\u00e9ratie num\u00e9rique et productivit\u00e9 Rechercher et postuler \u00e0 des offres d\u2019emploi Interm\u00e9diaire \u2014 Certificats professionnels bas\u00e9s sur des r\u00f4les professionnels IA &hellip; <\/p>\n","protected":false},"author":2,"featured_media":0,"parent":0,"menu_order":0,"comment_status":"closed","ping_status":"closed","template":"","meta":{"footnotes":""},"class_list":["post-15313","page","type-page","status-publish","hentry"],"yoast_head":"<!-- This site is optimized with the Yoast SEO plugin v26.4 - https:\/\/yoast.com\/wordpress\/plugins\/seo\/ -->\n<title>Plan du site - SkillingUp | VisezHaut<\/title>\n<meta name=\"robots\" content=\"index, follow, max-snippet:-1, max-image-preview:large, max-video-preview:-1\" \/>\n<link rel=\"canonical\" href=\"https:\/\/www.skillingup.ca\/fr\/plan-du-site\/\" \/>\n<meta property=\"og:locale\" content=\"fr_FR\" \/>\n<meta property=\"og:type\" content=\"article\" \/>\n<meta property=\"og:title\" content=\"Plan du site - SkillingUp | VisezHaut\" \/>\n<meta property=\"og:description\" content=\"Pages Accueil Participants Employeurs Organismes Inscrivez-vous au programme VisezHaut D\u00e9butant \u2014 Habilet\u00e9 num\u00e9rique de base Entrepreneuriat Comp\u00e9tences professionnelles g\u00e9n\u00e9rales Litt\u00e9ratie num\u00e9rique et productivit\u00e9 Rechercher et postuler \u00e0 des offres d\u2019emploi Interm\u00e9diaire \u2014 Certificats professionnels bas\u00e9s sur des r\u00f4les professionnels IA &hellip;\" \/>\n<meta property=\"og:url\" content=\"https:\/\/www.skillingup.ca\/fr\/plan-du-site\/\" \/>\n<meta property=\"og:site_name\" content=\"SkillingUp | VisezHaut\" \/>\n<meta property=\"article:publisher\" content=\"https:\/\/www.facebook.com\/MODCES\" \/>\n<meta property=\"article:modified_time\" content=\"2024-10-28T18:10:34+00:00\" \/>\n<meta name=\"twitter:card\" content=\"summary_large_image\" \/>\n<meta name=\"twitter:site\" content=\"@marchofdimescda\" \/>\n<meta name=\"twitter:label1\" content=\"Est. reading time\" \/>\n\t<meta name=\"twitter:data1\" content=\"3 minutes\" \/>\n<script type=\"application\/ld+json\" class=\"yoast-schema-graph\">{\"@context\":\"https:\/\/schema.org\",\"@graph\":[{\"@type\":\"WebPage\",\"@id\":\"https:\/\/www.skillingup.ca\/fr\/plan-du-site\/\",\"url\":\"https:\/\/www.skillingup.ca\/fr\/plan-du-site\/\",\"name\":\"Plan du site - SkillingUp | VisezHaut\",\"isPartOf\":{\"@id\":\"https:\/\/www.skillingup.ca\/fr\/#website\"},\"datePublished\":\"2024-10-15T02:09:08+00:00\",\"dateModified\":\"2024-10-28T18:10:34+00:00\",\"breadcrumb\":{\"@id\":\"https:\/\/www.skillingup.ca\/fr\/plan-du-site\/#breadcrumb\"},\"inLanguage\":\"fr-FR\",\"potentialAction\":[{\"@type\":\"ReadAction\",\"target\":[\"https:\/\/www.skillingup.ca\/fr\/plan-du-site\/\"]}]},{\"@type\":\"BreadcrumbList\",\"@id\":\"https:\/\/www.skillingup.ca\/fr\/plan-du-site\/#breadcrumb\",\"itemListElement\":[{\"@type\":\"ListItem\",\"position\":1,\"name\":\"Home\",\"item\":\"https:\/\/www.skillingup.ca\/fr\/\"},{\"@type\":\"ListItem\",\"position\":2,\"name\":\"Plan du site\"}]},{\"@type\":\"WebSite\",\"@id\":\"https:\/\/www.skillingup.ca\/fr\/#website\",\"url\":\"https:\/\/www.skillingup.ca\/fr\/\",\"name\":\"SkillingUp\",\"description\":\"\",\"publisher\":{\"@id\":\"https:\/\/www.skillingup.ca\/fr\/#organization\"},\"potentialAction\":[{\"@type\":\"SearchAction\",\"target\":{\"@type\":\"EntryPoint\",\"urlTemplate\":\"https:\/\/www.skillingup.ca\/fr\/?s={search_term_string}\"},\"query-input\":{\"@type\":\"PropertyValueSpecification\",\"valueRequired\":true,\"valueName\":\"search_term_string\"}}],\"inLanguage\":\"fr-FR\"},{\"@type\":\"Organization\",\"@id\":\"https:\/\/www.skillingup.ca\/fr\/#organization\",\"name\":\"SkillingUp\",\"url\":\"https:\/\/www.skillingup.ca\/fr\/\",\"logo\":{\"@type\":\"ImageObject\",\"inLanguage\":\"fr-FR\",\"@id\":\"https:\/\/www.skillingup.ca\/fr\/#\/schema\/logo\/image\/\",\"url\":\"https:\/\/www.skillingup.ca\/wp-content\/uploads\/2023\/09\/MicrosoftTeams-image-7.jpg\",\"contentUrl\":\"https:\/\/www.skillingup.ca\/wp-content\/uploads\/2023\/09\/MicrosoftTeams-image-7.jpg\",\"width\":500,\"height\":86,\"caption\":\"SkillingUp\"},\"image\":{\"@id\":\"https:\/\/www.skillingup.ca\/fr\/#\/schema\/logo\/image\/\"},\"sameAs\":[\"https:\/\/www.facebook.com\/MODCES\",\"https:\/\/x.com\/marchofdimescda\",\"https:\/\/www.instagram.com\/marchofdimescda\/\"]}]}<\/script>\n<!-- \/ Yoast SEO plugin. -->","yoast_head_json":{"title":"Plan du site - SkillingUp | VisezHaut","robots":{"index":"index","follow":"follow","max-snippet":"max-snippet:-1","max-image-preview":"max-image-preview:large","max-video-preview":"max-video-preview:-1"},"canonical":"https:\/\/www.skillingup.ca\/fr\/plan-du-site\/","og_locale":"fr_FR","og_type":"article","og_title":"Plan du site - SkillingUp | VisezHaut","og_description":"Pages Accueil Participants Employeurs Organismes Inscrivez-vous au programme VisezHaut D\u00e9butant \u2014 Habilet\u00e9 num\u00e9rique de base Entrepreneuriat Comp\u00e9tences professionnelles g\u00e9n\u00e9rales Litt\u00e9ratie num\u00e9rique et productivit\u00e9 Rechercher et postuler \u00e0 des offres d\u2019emploi Interm\u00e9diaire \u2014 Certificats professionnels bas\u00e9s sur des r\u00f4les professionnels IA &hellip;","og_url":"https:\/\/www.skillingup.ca\/fr\/plan-du-site\/","og_site_name":"SkillingUp | VisezHaut","article_publisher":"https:\/\/www.facebook.com\/MODCES","article_modified_time":"2024-10-28T18:10:34+00:00","twitter_card":"summary_large_image","twitter_site":"@marchofdimescda","twitter_misc":{"Est. reading time":"3 minutes"},"schema":{"@context":"https:\/\/schema.org","@graph":[{"@type":"WebPage","@id":"https:\/\/www.skillingup.ca\/fr\/plan-du-site\/","url":"https:\/\/www.skillingup.ca\/fr\/plan-du-site\/","name":"Plan du site - SkillingUp | VisezHaut","isPartOf":{"@id":"https:\/\/www.skillingup.ca\/fr\/#website"},"datePublished":"2024-10-15T02:09:08+00:00","dateModified":"2024-10-28T18:10:34+00:00","breadcrumb":{"@id":"https:\/\/www.skillingup.ca\/fr\/plan-du-site\/#breadcrumb"},"inLanguage":"fr-FR","potentialAction":[{"@type":"ReadAction","target":["https:\/\/www.skillingup.ca\/fr\/plan-du-site\/"]}]},{"@type":"BreadcrumbList","@id":"https:\/\/www.skillingup.ca\/fr\/plan-du-site\/#breadcrumb","itemListElement":[{"@type":"ListItem","position":1,"name":"Home","item":"https:\/\/www.skillingup.ca\/fr\/"},{"@type":"ListItem","position":2,"name":"Plan du site"}]},{"@type":"WebSite","@id":"https:\/\/www.skillingup.ca\/fr\/#website","url":"https:\/\/www.skillingup.ca\/fr\/","name":"SkillingUp","description":"","publisher":{"@id":"https:\/\/www.skillingup.ca\/fr\/#organization"},"potentialAction":[{"@type":"SearchAction","target":{"@type":"EntryPoint","urlTemplate":"https:\/\/www.skillingup.ca\/fr\/?s={search_term_string}"},"query-input":{"@type":"PropertyValueSpecification","valueRequired":true,"valueName":"search_term_string"}}],"inLanguage":"fr-FR"},{"@type":"Organization","@id":"https:\/\/www.skillingup.ca\/fr\/#organization","name":"SkillingUp","url":"https:\/\/www.skillingup.ca\/fr\/","logo":{"@type":"ImageObject","inLanguage":"fr-FR","@id":"https:\/\/www.skillingup.ca\/fr\/#\/schema\/logo\/image\/","url":"https:\/\/www.skillingup.ca\/wp-content\/uploads\/2023\/09\/MicrosoftTeams-image-7.jpg","contentUrl":"https:\/\/www.skillingup.ca\/wp-content\/uploads\/2023\/09\/MicrosoftTeams-image-7.jpg","width":500,"height":86,"caption":"SkillingUp"},"image":{"@id":"https:\/\/www.skillingup.ca\/fr\/#\/schema\/logo\/image\/"},"sameAs":["https:\/\/www.facebook.com\/MODCES","https:\/\/x.com\/marchofdimescda","https:\/\/www.instagram.com\/marchofdimescda\/"]}]}},"_links":{"self":[{"href":"https:\/\/www.skillingup.ca\/fr\/wp-json\/wp\/v2\/pages\/15313","targetHints":{"allow":["GET"]}}],"collection":[{"href":"https:\/\/www.skillingup.ca\/fr\/wp-json\/wp\/v2\/pages"}],"about":[{"href":"https:\/\/www.skillingup.ca\/fr\/wp-json\/wp\/v2\/types\/page"}],"author":[{"embeddable":true,"href":"https:\/\/www.skillingup.ca\/fr\/wp-json\/wp\/v2\/users\/2"}],"replies":[{"embeddable":true,"href":"https:\/\/www.skillingup.ca\/fr\/wp-json\/wp\/v2\/comments?post=15313"}],"version-history":[{"count":0,"href":"https:\/\/www.skillingup.ca\/fr\/wp-json\/wp\/v2\/pages\/15313\/revisions"}],"wp:attachment":[{"href":"https:\/\/www.skillingup.ca\/fr\/wp-json\/wp\/v2\/media?parent=15313"}],"curies":[{"name":"wp","href":"https:\/\/api.w.org\/{rel}","templated":true}]}}