{"id":14798,"date":"2023-10-23T11:15:31","date_gmt":"2023-10-23T15:15:31","guid":{"rendered":"https:\/\/www.skillingup.ca\/beginner-foundational-digital-literacy\/"},"modified":"2025-06-12T15:39:50","modified_gmt":"2025-06-12T19:39:50","slug":"beginner-foundational-digital-literacy","status":"publish","type":"page","link":"https:\/\/www.skillingup.ca\/fr\/courses\/beginner-foundational-digital-literacy\/","title":{"rendered":"Beginner \u2014 \u202fFoundational Digital Literacy"},"content":{"rendered":"\t\t<div data-elementor-type=\"wp-page\" data-elementor-id=\"14798\" class=\"elementor elementor-14798 elementor-12395\">\n\t\t\t\t\t\t<section class=\"elementor-section elementor-top-section elementor-element elementor-element-761a04d4 elementor-section-height-min-height elementor-section-items-bottom elementor-section-stretched elementor-section-boxed elementor-section-height-default\" data-id=\"761a04d4\" data-element_type=\"section\" data-settings=\"{&quot;stretch_section&quot;:&quot;section-stretched&quot;,&quot;background_background&quot;:&quot;classic&quot;}\">\n\t\t\t\t\t\t\t<div class=\"elementor-background-overlay\"><\/div>\n\t\t\t\t\t\t\t<div class=\"elementor-container elementor-column-gap-custom\">\n\t\t\t\t\t<div class=\"elementor-column elementor-col-100 elementor-top-column elementor-element elementor-element-44aad292\" data-id=\"44aad292\" data-element_type=\"column\">\n\t\t\t<div class=\"elementor-widget-wrap elementor-element-populated\">\n\t\t\t\t\t\t<div class=\"elementor-element elementor-element-27cb44dd elementor-widget thim-ekits-heading elementor-widget-thim-heading\" data-id=\"27cb44dd\" data-element_type=\"widget\" data-widget_type=\"thim-heading.default\">\n\t\t\t\t<div class=\"elementor-widget-container\">\n\t\t\t\t\t<div class=\"sc_heading\"><h1 class=\"title\">D\u00e9butant \u2014 Habilet\u00e9 num\u00e9rique de base <\/h1><\/div>\t\t\t\t<\/div>\n\t\t\t\t<\/div>\n\t\t\t\t\t<\/div>\n\t\t<\/div>\n\t\t\t\t\t<\/div>\n\t\t<\/section>\n\t\t<div class=\"elementor-element elementor-element-86ae0bb e-flex e-con-boxed e-con e-parent\" data-id=\"86ae0bb\" data-element_type=\"container\">\n\t\t\t\t\t<div class=\"e-con-inner\">\n\t\t\t\t<div class=\"elementor-element elementor-element-c8b4f41 thim-ekits-avatar-position-top elementor-widget elementor-widget-thim-ekits-list-course\" data-id=\"c8b4f41\" data-element_type=\"widget\" data-settings=\"{&quot;column_gap&quot;:{&quot;unit&quot;:&quot;px&quot;,&quot;size&quot;:30,&quot;sizes&quot;:[]},&quot;column_gap_tablet_extra&quot;:{&quot;unit&quot;:&quot;px&quot;,&quot;size&quot;:&quot;&quot;,&quot;sizes&quot;:[]},&quot;column_gap_tablet&quot;:{&quot;unit&quot;:&quot;px&quot;,&quot;size&quot;:&quot;&quot;,&quot;sizes&quot;:[]},&quot;column_gap_mobile&quot;:{&quot;unit&quot;:&quot;px&quot;,&quot;size&quot;:&quot;&quot;,&quot;sizes&quot;:[]}}\" data-widget_type=\"thim-ekits-list-course.default\">\n\t\t\t\t<div class=\"elementor-widget-container\">\n\t\t\t\t\t\t\t\t\t<div class=\"thim-ekits-course learn-press-courses\" data-layout=\"grid\">\n\t\t\t\t\t<div class=\"thim-ekits-course__inner\">\n\t\t\t\t\t\t\t\t<div class=\"thim-ekits-course__item post-16532 lp_course type-lp_course status-publish has-post-thumbnail hentry course_category-digital-literacy-beginner-fr course_tag-foundation-fr course_tag-tutorial-fr course\">\n\t\t\t\n\t\t\t\t\t\t<div class=\"thim-ekits-course__thumbnail\">\n\t\t\t<a href=\"https:\/\/www.skillingup.ca\/fr\/pathways\/competences-numeriques-quotidienne\/\" \t\t\t   class=\"course-thumbnail\">\n\t\t\t\t<img fetchpriority=\"high\" decoding=\"async\" width=\"640\" height=\"393\" src=\"https:\/\/www.skillingup.ca\/wp-content\/uploads\/2015\/12\/CrB-Digital-Literacy_700.jpg\" class=\"attachment-medium_large size-medium_large wp-image-14095\" alt=\"Une jeune femme prenant des notes tout en regardant un ordinateur portable\" srcset=\"https:\/\/www.skillingup.ca\/wp-content\/uploads\/2015\/12\/CrB-Digital-Literacy_700.jpg 700w, https:\/\/www.skillingup.ca\/wp-content\/uploads\/2015\/12\/CrB-Digital-Literacy_700-300x184.jpg 300w, https:\/\/www.skillingup.ca\/wp-content\/uploads\/2015\/12\/CrB-Digital-Literacy_700-600x369.jpg 600w\" sizes=\"(max-width: 640px) 100vw, 640px\" \/>\t\t\t<\/a>\n\t\t\t\t\t<\/div>\n\t\t\n\t\t\t\t\t\t<div class=\"thim-ekits-course__content\">\n\t\t\t\t<h2 class=\"thim-ekits-course__title\">\n\t\t<a href=\"https:\/\/www.skillingup.ca\/fr\/pathways\/competences-numeriques-quotidienne\/\" ><span class='course-title'>Comp\u00e9tences num\u00e9riques pour le travail et la vie quotidienne<\/span><\/a>\t\t<\/h2>\n\t\t\t\t<div\n\t\t\tclass=\"thim-ekits-course__meta elementor-repeater-item-bb04112 m-psi-\">\n\t\t\t\t\t<span class=\"thim-ekits-course__duration\">\n\t\t\t<span class=\"course-duration\">9 heures<\/span>\t\t<\/span>\n\t\t\t\t<span class=\"thim-ekits-course__level\">\n\t\t\t<span class=\"course-level\">D\u00e9butant<\/span>\t\t<\/span>\n\t\t\t\t<\/div>\n\t\t\t\t<div class=\"thim-ekits-course__excerpt\">\n\t\t\tD\u00e9veloppez les comp\u00e9tences num\u00e9riques essentielles pour le travail et la vie quotidienne, notamment l\u2019utilisation des appareils, la navigation sur Internet et l\u2019utilisation d\u2019outils num\u00e9riques courants....\t\t<\/div>\n\t\t\t\t<\/div>\n\t\t\n\t\t\t\n\t\t<\/div>\n\t\t\t\t<div class=\"thim-ekits-course__item post-16543 lp_course type-lp_course status-publish has-post-thumbnail hentry course_category-digital-literacy-beginner-fr course_tag-foundation-fr course_tag-tutorial-fr course\">\n\t\t\t\n\t\t\t\t\t\t<div class=\"thim-ekits-course__thumbnail\">\n\t\t\t<a href=\"https:\/\/www.skillingup.ca\/fr\/pathways\/preparation-a-emploi\/\" \t\t\t   class=\"course-thumbnail\">\n\t\t\t\t<img decoding=\"async\" width=\"640\" height=\"393\" src=\"https:\/\/www.skillingup.ca\/wp-content\/uploads\/2023\/01\/Webinar-Learner3_700x430.jpg\" class=\"attachment-medium_large size-medium_large wp-image-14647\" alt=\"Une femme assise sur un banc, regardant un webinaire sur son ordinateur portable\" srcset=\"https:\/\/www.skillingup.ca\/wp-content\/uploads\/2023\/01\/Webinar-Learner3_700x430.jpg 700w, https:\/\/www.skillingup.ca\/wp-content\/uploads\/2023\/01\/Webinar-Learner3_700x430-300x184.jpg 300w, https:\/\/www.skillingup.ca\/wp-content\/uploads\/2023\/01\/Webinar-Learner3_700x430-600x369.jpg 600w\" sizes=\"(max-width: 640px) 100vw, 640px\" \/>\t\t\t<\/a>\n\t\t\t\t\t<\/div>\n\t\t\n\t\t\t\t\t\t<div class=\"thim-ekits-course__content\">\n\t\t\t\t<h2 class=\"thim-ekits-course__title\">\n\t\t<a href=\"https:\/\/www.skillingup.ca\/fr\/pathways\/preparation-a-emploi\/\" ><span class='course-title'>Pr\u00e9paration \u00e0 l&#8217;emploi<\/span><\/a>\t\t<\/h2>\n\t\t\t\t<div\n\t\t\tclass=\"thim-ekits-course__meta elementor-repeater-item-bb04112 m-psi-\">\n\t\t\t\t\t<span class=\"thim-ekits-course__duration\">\n\t\t\t<span class=\"course-duration\">10 heures<\/span>\t\t<\/span>\n\t\t\t\t<span class=\"thim-ekits-course__level\">\n\t\t\t<span class=\"course-level\">D\u00e9butant<\/span>\t\t<\/span>\n\t\t\t\t<\/div>\n\t\t\t\t<div class=\"thim-ekits-course__excerpt\">\n\t\t\tD\u00e9veloppez les comp\u00e9tences num\u00e9riques essentielles pour le travail et la vie quotidienne, notamment l\u2019utilisation des appareils, la navigation sur Internet et l\u2019utilisation d\u2019outils num\u00e9riques courants....\t\t<\/div>\n\t\t\t\t<\/div>\n\t\t\n\t\t\t\n\t\t<\/div>\n\t\t\t\t<div class=\"thim-ekits-course__item post-16576 lp_course type-lp_course status-publish has-post-thumbnail hentry course_category-digital-literacy-beginner-fr course_tag-foundation-fr course_tag-tutorial-fr course\">\n\t\t\t\n\t\t\t\t\t\t<div class=\"thim-ekits-course__thumbnail\">\n\t\t\t<a href=\"https:\/\/www.skillingup.ca\/fr\/pathways\/competences-professionnelles-generales\/\" \t\t\t   class=\"course-thumbnail\">\n\t\t\t\t<img decoding=\"async\" width=\"640\" height=\"393\" src=\"https:\/\/www.skillingup.ca\/wp-content\/uploads\/2026\/04\/CrB-Prof-Soft-Sk_700-1.jpg\" class=\"attachment-medium_large size-medium_large wp-image-16577\" alt=\"Un homme assis dehors travaille sur son ordinateur.\" srcset=\"https:\/\/www.skillingup.ca\/wp-content\/uploads\/2026\/04\/CrB-Prof-Soft-Sk_700-1.jpg 700w, https:\/\/www.skillingup.ca\/wp-content\/uploads\/2026\/04\/CrB-Prof-Soft-Sk_700-1-300x184.jpg 300w, https:\/\/www.skillingup.ca\/wp-content\/uploads\/2026\/04\/CrB-Prof-Soft-Sk_700-1-600x369.jpg 600w\" sizes=\"(max-width: 640px) 100vw, 640px\" \/>\t\t\t<\/a>\n\t\t\t\t\t<\/div>\n\t\t\n\t\t\t\t\t\t<div class=\"thim-ekits-course__content\">\n\t\t\t\t<h2 class=\"thim-ekits-course__title\">\n\t\t<a href=\"https:\/\/www.skillingup.ca\/fr\/pathways\/competences-professionnelles-generales\/\" ><span class='course-title'>Comp\u00e9tences professionnelles g\u00e9n\u00e9rales<\/span><\/a>\t\t<\/h2>\n\t\t\t\t<div\n\t\t\tclass=\"thim-ekits-course__meta elementor-repeater-item-bb04112 m-psi-\">\n\t\t\t\t\t<span class=\"thim-ekits-course__duration\">\n\t\t\t<span class=\"course-duration\">10 heures<\/span>\t\t<\/span>\n\t\t\t\t<span class=\"thim-ekits-course__level\">\n\t\t\t<span class=\"course-level\">D\u00e9butant<\/span>\t\t<\/span>\n\t\t\t\t<\/div>\n\t\t\t\t<div class=\"thim-ekits-course__excerpt\">\n\t\t\tMa\u00eetrisez les comp\u00e9tences que recherchent les employeurs : collaborez efficacement, adaptez-vous rapidement et r\u00e9solvez les probl\u00e8mes avec assurance. Renforcez votre confiance, g\u00e9rez votre stress et...\t\t<\/div>\n\t\t\t\t<\/div>\n\t\t\n\t\t\t\n\t\t<\/div>\n\t\t\t\t\t\t\t<\/div>\n\t\t\t\t<\/div>\n\t\t\t\t\t\t\t\t<\/div>\n\t\t\t\t<\/div>\n\t\t\t\t\t<\/div>\n\t\t\t\t<\/div>\n\t\t\t\t<\/div>\n\t\t","protected":false},"excerpt":{"rendered":"<p>D\u00e9butant \u2014 Habilet\u00e9 num\u00e9rique de base Entrepreneurship 7 Hours Beginner Discover what you need to succeed as a small business owner from finding and testing your business idea to raising capital. Professional Soft Skills 10 Hours Beginner Excel in any &hellip; <\/p>\n","protected":false},"author":2,"featured_media":0,"parent":14805,"menu_order":0,"comment_status":"closed","ping_status":"closed","template":"elementor_header_footer","meta":{"footnotes":""},"class_list":["post-14798","page","type-page","status-publish","hentry"],"yoast_head":"<!-- This site is optimized with the Yoast SEO plugin v26.4 - https:\/\/yoast.com\/wordpress\/plugins\/seo\/ -->\n<title>Beginner \u2014 \u202fFoundational Digital Literacy - SkillingUp | VisezHaut<\/title>\n<meta name=\"robots\" content=\"index, follow, max-snippet:-1, max-image-preview:large, max-video-preview:-1\" \/>\n<link rel=\"canonical\" href=\"https:\/\/www.skillingup.ca\/fr\/courses\/beginner-foundational-digital-literacy\/\" \/>\n<meta property=\"og:locale\" content=\"fr_FR\" \/>\n<meta property=\"og:type\" content=\"article\" \/>\n<meta property=\"og:title\" content=\"Beginner \u2014 \u202fFoundational Digital Literacy - SkillingUp | VisezHaut\" \/>\n<meta property=\"og:description\" content=\"D\u00e9butant \u2014 Habilet\u00e9 num\u00e9rique de base Entrepreneurship 7 Hours Beginner Discover what you need to succeed as a small business owner from finding and testing your business idea to raising capital. Professional Soft Skills 10 Hours Beginner Excel in any &hellip;\" \/>\n<meta property=\"og:url\" content=\"https:\/\/www.skillingup.ca\/fr\/courses\/beginner-foundational-digital-literacy\/\" \/>\n<meta property=\"og:site_name\" content=\"SkillingUp | VisezHaut\" \/>\n<meta property=\"article:publisher\" content=\"https:\/\/www.facebook.com\/MODCES\" \/>\n<meta property=\"article:modified_time\" content=\"2025-06-12T19:39:50+00:00\" \/>\n<meta property=\"og:image\" content=\"https:\/\/www.skillingup.ca\/wp-content\/uploads\/2015\/12\/CrB-Entrepreneur_700.jpg\" \/>\n\t<meta property=\"og:image:width\" content=\"700\" \/>\n\t<meta property=\"og:image:height\" content=\"430\" \/>\n\t<meta property=\"og:image:type\" content=\"image\/jpeg\" \/>\n<meta name=\"twitter:card\" content=\"summary_large_image\" \/>\n<meta name=\"twitter:site\" content=\"@marchofdimescda\" \/>\n<meta name=\"twitter:label1\" content=\"Est. reading time\" \/>\n\t<meta name=\"twitter:data1\" content=\"2 minutes\" \/>\n<script type=\"application\/ld+json\" class=\"yoast-schema-graph\">{\"@context\":\"https:\/\/schema.org\",\"@graph\":[{\"@type\":\"WebPage\",\"@id\":\"https:\/\/www.skillingup.ca\/fr\/courses\/beginner-foundational-digital-literacy\/\",\"url\":\"https:\/\/www.skillingup.ca\/fr\/courses\/beginner-foundational-digital-literacy\/\",\"name\":\"Beginner \u2014 \u202fFoundational Digital Literacy - SkillingUp | VisezHaut\",\"isPartOf\":{\"@id\":\"https:\/\/www.skillingup.ca\/fr\/#website\"},\"primaryImageOfPage\":{\"@id\":\"https:\/\/www.skillingup.ca\/fr\/courses\/beginner-foundational-digital-literacy\/#primaryimage\"},\"image\":{\"@id\":\"https:\/\/www.skillingup.ca\/fr\/courses\/beginner-foundational-digital-literacy\/#primaryimage\"},\"thumbnailUrl\":\"https:\/\/www.skillingup.ca\/wp-content\/uploads\/2015\/12\/CrB-Entrepreneur_700.jpg\",\"datePublished\":\"2023-10-23T15:15:31+00:00\",\"dateModified\":\"2025-06-12T19:39:50+00:00\",\"breadcrumb\":{\"@id\":\"https:\/\/www.skillingup.ca\/fr\/courses\/beginner-foundational-digital-literacy\/#breadcrumb\"},\"inLanguage\":\"fr-FR\",\"potentialAction\":[{\"@type\":\"ReadAction\",\"target\":[\"https:\/\/www.skillingup.ca\/fr\/courses\/beginner-foundational-digital-literacy\/\"]}]},{\"@type\":\"ImageObject\",\"inLanguage\":\"fr-FR\",\"@id\":\"https:\/\/www.skillingup.ca\/fr\/courses\/beginner-foundational-digital-literacy\/#primaryimage\",\"url\":\"https:\/\/www.skillingup.ca\/wp-content\/uploads\/2015\/12\/CrB-Entrepreneur_700.jpg\",\"contentUrl\":\"https:\/\/www.skillingup.ca\/wp-content\/uploads\/2015\/12\/CrB-Entrepreneur_700.jpg\"},{\"@type\":\"BreadcrumbList\",\"@id\":\"https:\/\/www.skillingup.ca\/fr\/courses\/beginner-foundational-digital-literacy\/#breadcrumb\",\"itemListElement\":[{\"@type\":\"ListItem\",\"position\":1,\"name\":\"Home\",\"item\":\"https:\/\/www.skillingup.ca\/fr\/\"},{\"@type\":\"ListItem\",\"position\":2,\"name\":\"Cours\",\"item\":\"https:\/\/www.skillingup.ca\/fr\/?page_id=14805\"},{\"@type\":\"ListItem\",\"position\":3,\"name\":\"Beginner \u2014 \u202fFoundational Digital Literacy\"}]},{\"@type\":\"WebSite\",\"@id\":\"https:\/\/www.skillingup.ca\/fr\/#website\",\"url\":\"https:\/\/www.skillingup.ca\/fr\/\",\"name\":\"SkillingUp\",\"description\":\"\",\"publisher\":{\"@id\":\"https:\/\/www.skillingup.ca\/fr\/#organization\"},\"potentialAction\":[{\"@type\":\"SearchAction\",\"target\":{\"@type\":\"EntryPoint\",\"urlTemplate\":\"https:\/\/www.skillingup.ca\/fr\/?s={search_term_string}\"},\"query-input\":{\"@type\":\"PropertyValueSpecification\",\"valueRequired\":true,\"valueName\":\"search_term_string\"}}],\"inLanguage\":\"fr-FR\"},{\"@type\":\"Organization\",\"@id\":\"https:\/\/www.skillingup.ca\/fr\/#organization\",\"name\":\"SkillingUp\",\"url\":\"https:\/\/www.skillingup.ca\/fr\/\",\"logo\":{\"@type\":\"ImageObject\",\"inLanguage\":\"fr-FR\",\"@id\":\"https:\/\/www.skillingup.ca\/fr\/#\/schema\/logo\/image\/\",\"url\":\"https:\/\/www.skillingup.ca\/wp-content\/uploads\/2023\/09\/MicrosoftTeams-image-7.jpg\",\"contentUrl\":\"https:\/\/www.skillingup.ca\/wp-content\/uploads\/2023\/09\/MicrosoftTeams-image-7.jpg\",\"width\":500,\"height\":86,\"caption\":\"SkillingUp\"},\"image\":{\"@id\":\"https:\/\/www.skillingup.ca\/fr\/#\/schema\/logo\/image\/\"},\"sameAs\":[\"https:\/\/www.facebook.com\/MODCES\",\"https:\/\/x.com\/marchofdimescda\",\"https:\/\/www.instagram.com\/marchofdimescda\/\"]}]}<\/script>\n<!-- \/ Yoast SEO plugin. -->","yoast_head_json":{"title":"Beginner \u2014 \u202fFoundational Digital Literacy - SkillingUp | VisezHaut","robots":{"index":"index","follow":"follow","max-snippet":"max-snippet:-1","max-image-preview":"max-image-preview:large","max-video-preview":"max-video-preview:-1"},"canonical":"https:\/\/www.skillingup.ca\/fr\/courses\/beginner-foundational-digital-literacy\/","og_locale":"fr_FR","og_type":"article","og_title":"Beginner \u2014 \u202fFoundational Digital Literacy - SkillingUp | VisezHaut","og_description":"D\u00e9butant \u2014 Habilet\u00e9 num\u00e9rique de base Entrepreneurship 7 Hours Beginner Discover what you need to succeed as a small business owner from finding and testing your business idea to raising capital. Professional Soft Skills 10 Hours Beginner Excel in any &hellip;","og_url":"https:\/\/www.skillingup.ca\/fr\/courses\/beginner-foundational-digital-literacy\/","og_site_name":"SkillingUp | VisezHaut","article_publisher":"https:\/\/www.facebook.com\/MODCES","article_modified_time":"2025-06-12T19:39:50+00:00","og_image":[{"width":700,"height":430,"url":"https:\/\/www.skillingup.ca\/wp-content\/uploads\/2015\/12\/CrB-Entrepreneur_700.jpg","type":"image\/jpeg"}],"twitter_card":"summary_large_image","twitter_site":"@marchofdimescda","twitter_misc":{"Est. reading time":"2 minutes"},"schema":{"@context":"https:\/\/schema.org","@graph":[{"@type":"WebPage","@id":"https:\/\/www.skillingup.ca\/fr\/courses\/beginner-foundational-digital-literacy\/","url":"https:\/\/www.skillingup.ca\/fr\/courses\/beginner-foundational-digital-literacy\/","name":"Beginner \u2014 \u202fFoundational Digital Literacy - SkillingUp | VisezHaut","isPartOf":{"@id":"https:\/\/www.skillingup.ca\/fr\/#website"},"primaryImageOfPage":{"@id":"https:\/\/www.skillingup.ca\/fr\/courses\/beginner-foundational-digital-literacy\/#primaryimage"},"image":{"@id":"https:\/\/www.skillingup.ca\/fr\/courses\/beginner-foundational-digital-literacy\/#primaryimage"},"thumbnailUrl":"https:\/\/www.skillingup.ca\/wp-content\/uploads\/2015\/12\/CrB-Entrepreneur_700.jpg","datePublished":"2023-10-23T15:15:31+00:00","dateModified":"2025-06-12T19:39:50+00:00","breadcrumb":{"@id":"https:\/\/www.skillingup.ca\/fr\/courses\/beginner-foundational-digital-literacy\/#breadcrumb"},"inLanguage":"fr-FR","potentialAction":[{"@type":"ReadAction","target":["https:\/\/www.skillingup.ca\/fr\/courses\/beginner-foundational-digital-literacy\/"]}]},{"@type":"ImageObject","inLanguage":"fr-FR","@id":"https:\/\/www.skillingup.ca\/fr\/courses\/beginner-foundational-digital-literacy\/#primaryimage","url":"https:\/\/www.skillingup.ca\/wp-content\/uploads\/2015\/12\/CrB-Entrepreneur_700.jpg","contentUrl":"https:\/\/www.skillingup.ca\/wp-content\/uploads\/2015\/12\/CrB-Entrepreneur_700.jpg"},{"@type":"BreadcrumbList","@id":"https:\/\/www.skillingup.ca\/fr\/courses\/beginner-foundational-digital-literacy\/#breadcrumb","itemListElement":[{"@type":"ListItem","position":1,"name":"Home","item":"https:\/\/www.skillingup.ca\/fr\/"},{"@type":"ListItem","position":2,"name":"Cours","item":"https:\/\/www.skillingup.ca\/fr\/?page_id=14805"},{"@type":"ListItem","position":3,"name":"Beginner \u2014 \u202fFoundational Digital Literacy"}]},{"@type":"WebSite","@id":"https:\/\/www.skillingup.ca\/fr\/#website","url":"https:\/\/www.skillingup.ca\/fr\/","name":"SkillingUp","description":"","publisher":{"@id":"https:\/\/www.skillingup.ca\/fr\/#organization"},"potentialAction":[{"@type":"SearchAction","target":{"@type":"EntryPoint","urlTemplate":"https:\/\/www.skillingup.ca\/fr\/?s={search_term_string}"},"query-input":{"@type":"PropertyValueSpecification","valueRequired":true,"valueName":"search_term_string"}}],"inLanguage":"fr-FR"},{"@type":"Organization","@id":"https:\/\/www.skillingup.ca\/fr\/#organization","name":"SkillingUp","url":"https:\/\/www.skillingup.ca\/fr\/","logo":{"@type":"ImageObject","inLanguage":"fr-FR","@id":"https:\/\/www.skillingup.ca\/fr\/#\/schema\/logo\/image\/","url":"https:\/\/www.skillingup.ca\/wp-content\/uploads\/2023\/09\/MicrosoftTeams-image-7.jpg","contentUrl":"https:\/\/www.skillingup.ca\/wp-content\/uploads\/2023\/09\/MicrosoftTeams-image-7.jpg","width":500,"height":86,"caption":"SkillingUp"},"image":{"@id":"https:\/\/www.skillingup.ca\/fr\/#\/schema\/logo\/image\/"},"sameAs":["https:\/\/www.facebook.com\/MODCES","https:\/\/x.com\/marchofdimescda","https:\/\/www.instagram.com\/marchofdimescda\/"]}]}},"_links":{"self":[{"href":"https:\/\/www.skillingup.ca\/fr\/wp-json\/wp\/v2\/pages\/14798","targetHints":{"allow":["GET"]}}],"collection":[{"href":"https:\/\/www.skillingup.ca\/fr\/wp-json\/wp\/v2\/pages"}],"about":[{"href":"https:\/\/www.skillingup.ca\/fr\/wp-json\/wp\/v2\/types\/page"}],"author":[{"embeddable":true,"href":"https:\/\/www.skillingup.ca\/fr\/wp-json\/wp\/v2\/users\/2"}],"replies":[{"embeddable":true,"href":"https:\/\/www.skillingup.ca\/fr\/wp-json\/wp\/v2\/comments?post=14798"}],"version-history":[{"count":0,"href":"https:\/\/www.skillingup.ca\/fr\/wp-json\/wp\/v2\/pages\/14798\/revisions"}],"up":[{"embeddable":true,"href":"https:\/\/www.skillingup.ca\/fr\/wp-json\/wp\/v2\/pages\/14805"}],"wp:attachment":[{"href":"https:\/\/www.skillingup.ca\/fr\/wp-json\/wp\/v2\/media?parent=14798"}],"curies":[{"name":"wp","href":"https:\/\/api.w.org\/{rel}","templated":true}]}}